{"id":526,"date":"2017-02-06T06:55:54","date_gmt":"2017-02-06T06:55:54","guid":{"rendered":"http:http:\/\/torcalpower.com\/web3\/http:\/\/torcalpower.com\/web3\/localhosthttp:\/\/torcalpower.com\/web3\/financehttp:\/\/torcalpower.com\/web3\/?page_id=526"},"modified":"2025-06-22T21:29:16","modified_gmt":"2025-06-22T21:29:16","slug":"our-team","status":"publish","type":"page","link":"https:\/\/torcalpower.com\/web3\/productos\/our-team\/","title":{"rendered":"Generaci\u00f3n El\u00e9ctrica"},"content":{"rendered":"<p>[vc_row parallax_speed=&#8221;4&#8243; parallax_x=&#8221;4&#8243; parallax_y=&#8221;4&#8243; css=&#8221;.vc_custom_1489141509910{padding-bottom: 50px !important;}&#8221;][vc_column]\n\t\t<div class=\"flat-team  has-image\">\n\t\t\t\n\t\t\t<div class=\"team-image\">\n\t\t\t\t<img src=\"https:\/\/torcalpower.com\/web3\/wp-content\/uploads\/2018\/04\/Generadores_Kohler.jpg\" alt=\"Kohler\" \/>\n\t\t\t<\/div>\n\t\t\t\t\t\n\t\t\t<div class=\"team-info\">\t\n\t\t\t\t<h3 class=\"team-name\">Kohler<\/h3>\t\t\t\n\t\t\t\t<div class=\"team-desc\">En Torcal Power somos Service Dealer Factory desde el 2006 de Kohler, marca sin\u00f3nimo de resistencia y funcionalidad<\/div>\n\t\t\t\t\n\t\t\t\t\n\t\t\t<p class=\"box-readmore\">\n\t\t\t\t<a href=\"http:\/\/torcalpower.com\/web3\/pdf\/Generadores_kohler.pdf\">Descargar PDF<\/a>\n\t\t\t<\/p>\n\t\t\t<\/div>\n\t\t<\/div>\n\t\n\t\t<div class=\"flat-team  has-image\">\n\t\t\t\n\t\t\t<div class=\"team-image\">\n\t\t\t\t<img src=\"https:\/\/torcalpower.com\/web3\/wp-content\/uploads\/2018\/04\/Generadores_Kohler_SDMO.jpg\" alt=\"Kohler ahora es REHLKO\" \/>\n\t\t\t<\/div>\n\t\t\t\t\t\n\t\t\t<div class=\"team-info\">\t\n\t\t\t\t<h3 class=\"team-name\">Kohler ahora es REHLKO<\/h3>\t\t\t\n\t\t\t\t<div class=\"team-desc\">Somos Distribuidor Autorizado REHLKO para todos sus productos, proyectos especiales y servicio t\u00e9cnico especializado.<\/div>\n\t\t\t\t\n\t\t\t\t\n\t\t\t<p class=\"box-readmore\">\n\t\t\t\t<a href=\"http:\/\/torcalpower.com\/web3\/wp-content\/uploads\/2018\/06\/Generadores_kohler_SDMO_2.pdf\">Descargar PDF<\/a>\n\t\t\t<\/p>\n\t\t\t<\/div>\n\t\t<\/div>\n\t\n\t\t<div class=\"flat-team  has-image\">\n\t\t\t\n\t\t\t<div class=\"team-image\">\n\t\t\t\t<img src=\"https:\/\/torcalpower.com\/web3\/wp-content\/uploads\/2018\/04\/Kohler_Marine.jpg\" alt=\"Kohler Marine Generators\" \/>\n\t\t\t<\/div>\n\t\t\t\t\t\n\t\t\t<div class=\"team-info\">\t\n\t\t\t\t<h3 class=\"team-name\">Kohler Marine Generators<\/h3>\t\t\t\n\t\t\t\t<div class=\"team-desc\">Somos dealer directos de f\u00e1brica para: dimensionamientos, ventas, instalaci\u00f3n y mantenimiento de grupos electr\u00f3genos marinos, en las aplicaciones placer y comercial.<\/div>\n\t\t\t\t\n\t\t\t\t\n\t\t\t<p class=\"box-readmore\">\n\t\t\t\t<a href=\"http:\/\/torcalpower.com\/web3\/pdf\/Generadores_kohler_Marine.pdf\">Descargar PDF<\/a>\n\t\t\t<\/p>\n\t\t\t<\/div>\n\t\t<\/div>\n\t\n\t\t<div class=\"flat-team  has-image\">\n\t\t\t\n\t\t\t<div class=\"team-image\">\n\t\t\t\t<img src=\"1938\" alt=\"Mecc alte\" \/>\n\t\t\t<\/div>\n\t\t\t\t\t\n\t\t\t<div class=\"team-info\">\t\n\t\t\t\t<h3 class=\"team-name\">Mecc alte<\/h3>\t\t\t\n\t\t\t\t<div class=\"team-desc\">Somos SAT (Servicio de Atenci\u00f3n T\u00e9cnica) para Ecuador<\/div>\n\t\t\t\t\n\t\t\t\t\n\t\t\t<p class=\"box-readmore\">\n\t\t\t\t<a href=\"http:\/\/torcalpower.com\/web3\/pdf\/catalog_mecc_alte.pdf\">Descargar PDF<\/a>\n\t\t\t<\/p>\n\t\t\t<\/div>\n\t\t<\/div>\n\t[\/vc_column][\/vc_row]<\/p>\n","protected":false},"excerpt":{"rendered":"<p>[vc_row parallax_speed=&#8221;4&#8243; parallax_x=&#8221;4&#8243; parallax_y=&#8221;4&#8243; css=&#8221;.vc_custom_1489141509910{padding-bottom: 50px !important;}&#8221;][vc_column][\/vc_column][\/vc_row]<\/p>\n","protected":false},"author":1,"featured_media":0,"parent":515,"menu_order":0,"comment_status":"closed","ping_status":"closed","template":"tpl\/page_single.php","meta":{"_exactmetrics_skip_tracking":false,"_exactmetrics_sitenote_active":false,"_exactmetrics_sitenote_note":"","_exactmetrics_sitenote_category":0},"_links":{"self":[{"href":"https:\/\/torcalpower.com\/web3\/wp-json\/wp\/v2\/pages\/526"}],"collection":[{"href":"https:\/\/torcalpower.com\/web3\/wp-json\/wp\/v2\/pages"}],"about":[{"href":"https:\/\/torcalpower.com\/web3\/wp-json\/wp\/v2\/types\/page"}],"author":[{"embeddable":true,"href":"https:\/\/torcalpower.com\/web3\/wp-json\/wp\/v2\/users\/1"}],"replies":[{"embeddable":true,"href":"https:\/\/torcalpower.com\/web3\/wp-json\/wp\/v2\/comments?post=526"}],"version-history":[{"count":33,"href":"https:\/\/torcalpower.com\/web3\/wp-json\/wp\/v2\/pages\/526\/revisions"}],"predecessor-version":[{"id":2246,"href":"https:\/\/torcalpower.com\/web3\/wp-json\/wp\/v2\/pages\/526\/revisions\/2246"}],"up":[{"embeddable":true,"href":"https:\/\/torcalpower.com\/web3\/wp-json\/wp\/v2\/pages\/515"}],"wp:attachment":[{"href":"https:\/\/torcalpower.com\/web3\/wp-json\/wp\/v2\/media?parent=526"}],"curies":[{"name":"wp","href":"https:\/\/api.w.org\/{rel}","templated":true}]}}