{"id":517,"date":"2017-02-06T06:49:04","date_gmt":"2017-02-06T06:49:04","guid":{"rendered":"http:http:\/\/torcalpower.com\/web3\/http:\/\/torcalpower.com\/web3\/localhosthttp:\/\/torcalpower.com\/web3\/financehttp:\/\/torcalpower.com\/web3\/?page_id=517"},"modified":"2018-04-20T19:41:27","modified_gmt":"2018-04-20T19:41:27","slug":"services","status":"publish","type":"page","link":"https:\/\/torcalpower.com\/web3\/services\/","title":{"rendered":"Servicios"},"content":{"rendered":"<p>[vc_row][vc_column][vc_single_image image=&#8221;2010&#8243; img_size=&#8221;full&#8221; title=&#8221;Torcal Power brinda respaldo directo de los departamentos de ingenier\u00eda de todas las f\u00e1bricas que representamos&#8221;][vc_empty_space][\/vc_column][\/vc_row][vc_row][vc_column][vc_column_text]<\/p>\n<h3>Asesor\u00edas<\/h3>\n<p>[\/vc_column_text][vc_empty_space][\/vc_column][\/vc_row][vc_row][vc_column width=&#8221;1\/2&#8243;][vc_single_image image=&#8221;1782&#8243; img_size=&#8221;full&#8221;][\/vc_column][vc_column width=&#8221;1\/2&#8243;][vc_column_text]En Torcal Power\u00a0les brindamos a nuestros clientes el asesoramiento profesional que necesita y toda la informaci\u00f3n relativa a los materiales el\u00e9ctricos, de medici\u00f3n, control o instrumentaci\u00f3n. Para ello contamos con un personal altamente capacitado en brindarle la mejor asesor\u00eda para sus necesidades, y de esta manera proteger\u00a0 su inversi\u00f3n.<\/p>\n<p>Todos los equipos con los que trabajamos pasan un riguroso y minucioso control de calidad y cumplen con los est\u00e1ndares internacionales que se exige actualmente, materiales innovadores.[\/vc_column_text][\/vc_column][\/vc_row][vc_row][vc_column][vc_empty_space][vc_separator][vc_column_text]<\/p>\n<h3>Instalaci\u00f3n<\/h3>\n<p>[\/vc_column_text][vc_empty_space][\/vc_column][\/vc_row][vc_row][vc_column width=&#8221;1\/2&#8243;][vc_single_image image=&#8221;1784&#8243; img_size=&#8221;full&#8221;][\/vc_column][vc_column width=&#8221;1\/2&#8243;][vc_column_text]En\u00a0Torcal Power proporcionamos servicios de instalaci\u00f3n de equipos industriales a empresas de sectores como navieras, generaci\u00f3n el\u00e9ctrica, producci\u00f3n industrial y un amplio abanico de m\u00e1s sectores.<\/p>\n<p>Realizamos soluciones tecnol\u00f3gicas de ingenier\u00eda que incluyen instalaci\u00f3n de Generadores industriales, Sistemas de Control de Calidad, Comercializamos y distribuimos de forma directa.[\/vc_column_text][\/vc_column][\/vc_row][vc_row][vc_column][vc_empty_space][vc_separator][vc_column_text]<\/p>\n<h3>Mantenimiento<\/h3>\n<p>[\/vc_column_text][vc_empty_space][\/vc_column][\/vc_row][vc_row][vc_column width=&#8221;1\/2&#8243;][vc_single_image image=&#8221;1789&#8243; img_size=&#8221;full&#8221;][\/vc_column][vc_column width=&#8221;1\/2&#8243;][vc_column_text]En Torcal Power generamos planificaciones de mantenimiento programado en los intervalos recomendados, es esencial para asegurar la fiabilidad, la vida del motor y un m\u00e1ximo regreso de la inversi\u00f3n en cualquier equipo de generaci\u00f3n de energ\u00eda. Este enfoque tambi\u00e9n minimiza el tiempo de inactividad ya que los operadores pueden arreglar que haya energ\u00eda de respaldo mientras se le da servicio a la unidad principal.[\/vc_column_text][\/vc_column][\/vc_row][vc_row][vc_column][vc_empty_space][vc_separator][vc_column_text]<\/p>\n<h3>Atenci\u00f3n de emergencia t\u00e9cnica<\/h3>\n<p>[\/vc_column_text][vc_empty_space][\/vc_column][\/vc_row][vc_row][vc_column width=&#8221;1\/2&#8243;][vc_single_image image=&#8221;1791&#8243; img_size=&#8221;full&#8221;][\/vc_column][vc_column width=&#8221;1\/2&#8243;][vc_column_text]Torcal Power brinda respuestas garantizadas las 24 horas del d\u00eda, los 7 d\u00edas de la semana ante todos los imprevistos, nuestro\u00a0tiempo de respuesta es vital para la continuidad del negocio y para limitar en la medida de lo posible los periodos de inactividad debidos a anomal\u00edas severas del sistema.<br \/>\nAs\u00ed pues, es fundamental disponer de la pericia de un proveedor de mantenimiento que conozca perfectamente sus equipos y su entorno de trabajo, para de este modo responder a las emergencias en el tiempo garantizado.[\/vc_column_text][\/vc_column][\/vc_row][vc_row][vc_column][vc_empty_space][vc_separator][vc_column_text]<\/p>\n<h3>Capacitaci\u00f3n<\/h3>\n<p>[\/vc_column_text][vc_empty_space][\/vc_column][\/vc_row][vc_row][vc_column width=&#8221;1\/2&#8243;][vc_single_image image=&#8221;1793&#8243; img_size=&#8221;full&#8221;][\/vc_column][vc_column width=&#8221;1\/2&#8243;][vc_column_text]Los especialistas de Torcal Power le pueden ayudarle a adquirir las habilidades necesarias para utilizar eficientemente sus equipos y de este modo aumentar la disponibilidad.<br \/>\nLas capacitaciones de formaci\u00f3n t\u00e9cnica de Torcal Power pueden impartirse en su ubicaci\u00f3n.[\/vc_column_text][\/vc_column][\/vc_row][vc_row][vc_column][vc_empty_space][vc_single_image image=&#8221;2007&#8243; img_size=&#8221;full&#8221;][\/vc_column][\/vc_row]<\/p>\n","protected":false},"excerpt":{"rendered":"<p>[vc_row][vc_column][vc_single_image image=&#8221;2010&#8243; img_size=&#8221;full&#8221; title=&#8221;Torcal Power brinda respaldo directo de los departamentos de ingenier\u00eda de todas las f\u00e1bricas que representamos&#8221;][vc_empty_space][\/vc_column][\/vc_row][vc_row][vc_column][vc_column_text] Asesor\u00edas [\/vc_column_text][vc_empty_space][\/vc_column][\/vc_row][vc_row][vc_column width=&#8221;1\/2&#8243;][vc_single_image image=&#8221;1782&#8243; img_size=&#8221;full&#8221;][\/vc_column][vc_column width=&#8221;1\/2&#8243;][vc_column_text]En Torcal Power\u00a0les brindamos a nuestros clientes el asesoramiento profesional que necesita y toda la informaci\u00f3n relativa a los materiales el\u00e9ctricos, de medici\u00f3n, control o instrumentaci\u00f3n. Para [&hellip;]<\/p>\n","protected":false},"author":1,"featured_media":0,"parent":0,"menu_order":0,"comment_status":"closed","ping_status":"closed","template":"tpl\/page_fullwidth.php","meta":{"_exactmetrics_skip_tracking":false,"_exactmetrics_sitenote_active":false,"_exactmetrics_sitenote_note":"","_exactmetrics_sitenote_category":0},"_links":{"self":[{"href":"https:\/\/torcalpower.com\/web3\/wp-json\/wp\/v2\/pages\/517"}],"collection":[{"href":"https:\/\/torcalpower.com\/web3\/wp-json\/wp\/v2\/pages"}],"about":[{"href":"https:\/\/torcalpower.com\/web3\/wp-json\/wp\/v2\/types\/page"}],"author":[{"embeddable":true,"href":"https:\/\/torcalpower.com\/web3\/wp-json\/wp\/v2\/users\/1"}],"replies":[{"embeddable":true,"href":"https:\/\/torcalpower.com\/web3\/wp-json\/wp\/v2\/comments?post=517"}],"version-history":[{"count":16,"href":"https:\/\/torcalpower.com\/web3\/wp-json\/wp\/v2\/pages\/517\/revisions"}],"predecessor-version":[{"id":2068,"href":"https:\/\/torcalpower.com\/web3\/wp-json\/wp\/v2\/pages\/517\/revisions\/2068"}],"wp:attachment":[{"href":"https:\/\/torcalpower.com\/web3\/wp-json\/wp\/v2\/media?parent=517"}],"curies":[{"name":"wp","href":"https:\/\/api.w.org\/{rel}","templated":true}]}}