{"id":515,"date":"2017-02-06T06:48:29","date_gmt":"2017-02-06T06:48:29","guid":{"rendered":"http:http:\/\/torcalpower.com\/web3\/http:\/\/torcalpower.com\/web3\/localhosthttp:\/\/torcalpower.com\/web3\/financehttp:\/\/torcalpower.com\/web3\/?page_id=515"},"modified":"2018-06-09T14:46:30","modified_gmt":"2018-06-09T14:46:30","slug":"productos","status":"publish","type":"page","link":"https:\/\/torcalpower.com\/web3\/productos\/","title":{"rendered":"Productos"},"content":{"rendered":"<p>[vc_row][vc_column][vc_column_text]<\/p>\n<h3>Generaci\u00f3n El\u00e9ctrica<\/h3>\n<p>[\/vc_column_text][vc_empty_space][\/vc_column][\/vc_row][vc_row][vc_column width=&#8221;1\/3&#8243;][vc_hoverbox image=&#8221;1658&#8243; primary_title=&#8221;&#8221; hover_title=&#8221;Kohler&#8221; hover_btn_title=&#8221;Descargar PDF&#8221; hover_btn_color=&#8221;danger&#8221; hover_add_button=&#8221;true&#8221; hover_btn_link=&#8221;url:http%3A%2F%2Ftorcalpower.com%2Fweb3%2Fpdf%2FGeneradores_kohler.pdf|||&#8221;]En Torcal Power somos Service\u00a0Dealer Factory desde el 2006 de Kohler, marca sin\u00f3nimo de resistencia y funcionalidad[\/vc_hoverbox][\/vc_column][vc_column width=&#8221;1\/3&#8243;][vc_hoverbox image=&#8221;1661&#8243; primary_title=&#8221;&#8221; hover_title=&#8221;Kohler SDMO&#8221; hover_btn_title=&#8221;Descargar PDF&#8221; hover_btn_color=&#8221;danger&#8221; hover_add_button=&#8221;true&#8221; hover_btn_link=&#8221;url:http%3A%2F%2Ftorcalpower.com%2Fweb3%2Fwp-content%2Fuploads%2F2018%2F06%2FGeneradores_kohler_SDMO_2.pdf|title:Descargar%20PDF||&#8221;]Somos representantes del departamento de ingenier\u00eda para proyectos especiales y servicio t\u00e9cnico especializado.[\/vc_hoverbox][\/vc_column][vc_column width=&#8221;1\/3&#8243;][vc_hoverbox image=&#8221;1663&#8243; primary_title=&#8221;&#8221; hover_title=&#8221;Kohler Marine&#8221; hover_btn_title=&#8221;Descargar PDF&#8221; hover_btn_color=&#8221;danger&#8221; hover_add_button=&#8221;true&#8221; hover_btn_link=&#8221;url:http%3A%2F%2Ftorcalpower.com%2Fweb3%2Fpdf%2FGeneradores_kohler_Marine.pdf|title:Descargar%20PDF||&#8221;]Somos dealer directos para dimensionamientos, ventas, instalaci\u00f3n y mantenimiento de electr\u00f3genos marinos.[\/vc_hoverbox][\/vc_column][\/vc_row][vc_row][vc_column][vc_empty_space][\/vc_column][\/vc_row][vc_row][vc_column width=&#8221;1\/3&#8243;][vc_hoverbox image=&#8221;1936&#8243; primary_title=&#8221;&#8221; hover_title=&#8221;Mecc Alte&#8221; hover_btn_title=&#8221;Descargar PDF&#8221; hover_btn_color=&#8221;danger&#8221; hover_add_button=&#8221;true&#8221; hover_btn_link=&#8221;url:http%3A%2F%2Ftorcalpower.com%2Fweb3%2Fpdf%2Fcatalog_mecc_alte.pdf|||&#8221;]Somos SAT (Servicio de Atenci\u00f3n T\u00e9cnica) para Ecuador[\/vc_hoverbox][\/vc_column][vc_column width=&#8221;1\/3&#8243;][\/vc_column][vc_column width=&#8221;1\/3&#8243;][\/vc_column][\/vc_row][vc_row][vc_column][vc_empty_space][vc_column_text]<\/p>\n<h3>Medici\u00f3n El\u00e9ctrica<\/h3>\n<p>[\/vc_column_text][vc_empty_space][\/vc_column][\/vc_row][vc_row][vc_column width=&#8221;1\/3&#8243;][vc_hoverbox image=&#8221;1918&#8243; primary_title=&#8221;&#8221; hover_title=&#8221;Satec&#8221; hover_btn_title=&#8221;Descargar PDF&#8221; hover_btn_color=&#8221;danger&#8221; hover_add_button=&#8221;true&#8221; hover_btn_link=&#8221;url:http%3A%2F%2Ftorcalpower.com%2Fweb3%2Fpdf%2Fmedicion%2FSATEC-Catalog-2017.pdf|||&#8221;]Somos representantes de ventas para aplicaci\u00f3n, provisi\u00f3n e instalaci\u00f3n de sistemas de medici\u00f3n de energ\u00eda el\u00e9ctrica.[\/vc_hoverbox][\/vc_column][vc_column width=&#8221;1\/3&#8243;][\/vc_column][vc_column width=&#8221;1\/3&#8243;][\/vc_column][\/vc_row][vc_row][vc_column][vc_empty_space][vc_column_text]<\/p>\n<h3>Sistemas de combustibles<\/h3>\n<p>[\/vc_column_text][vc_empty_space][\/vc_column][\/vc_row][vc_row][vc_column width=&#8221;1\/3&#8243;][vc_hoverbox image=&#8221;1686&#8243; primary_title=&#8221;&#8221; hover_title=&#8221;PIUSI&#8221; hover_btn_title=&#8221;Descargar PDF&#8221; hover_btn_color=&#8221;danger&#8221; hover_add_button=&#8221;true&#8221; hover_btn_link=&#8221;url:http%3A%2F%2Ftorcalpower.com%2Fweb3%2Fpdf%2FSistemaCombustible%2FPIUSI-C011B-ESR-2017.pdf|||&#8221;]Somos representantes de ventas en soluciones profesionales para transvasar, repostar, y medici\u00f3n de lubricantes o l\u00edquidos.[\/vc_hoverbox][\/vc_column][vc_column width=&#8221;1\/3&#8243;][vc_hoverbox image=&#8221;1689&#8243; primary_title=&#8221;&#8221; hover_title=&#8221;Separ Filter&#8221; hover_btn_title=&#8221;Descargar PDF&#8221; hover_btn_color=&#8221;danger&#8221; hover_add_button=&#8221;true&#8221; hover_btn_link=&#8221;url:http%3A%2F%2Ftorcalpower.com%2Fweb3%2Fpdf%2FSistemaCombustible%2FSepar-Filter.pdf|||&#8221;]Somos representantes en ventas para respuestas energ\u00e9ticas en todas las potencias y todas las aplicaciones[\/vc_hoverbox][\/vc_column][vc_column width=&#8221;1\/3&#8243;][vc_hoverbox image=&#8221;1912&#8243; primary_title=&#8221;&#8221; hover_title=&#8221;Torcal Power&#8221; hover_btn_title=&#8221;Descargar PDF&#8221; hover_btn_color=&#8221;danger&#8221; hover_add_button=&#8221;true&#8221; hover_btn_link=&#8221;url:http%3A%2F%2Ftorcalpower.com%2Fweb3%2Fpdf%2FSistemaCombustible%2FTorcalPower.pdf|||&#8221;]Dise\u00f1o, fabricaci\u00f3n, instalaci\u00f3n, y mantenimiento de sistemas de combustibles[\/vc_hoverbox][\/vc_column][\/vc_row][vc_row][vc_column][vc_empty_space][vc_column_text]<\/p>\n<h3 class=\"title\">Instrumentaci\u00f3n<\/h3>\n<p>[\/vc_column_text][vc_empty_space][\/vc_column][\/vc_row][vc_row][vc_column width=&#8221;1\/3&#8243;][vc_hoverbox image=&#8221;1908&#8243; primary_title=&#8221;&#8221; hover_title=&#8221;SACI&#8221; hover_btn_title=&#8221;Descargar PDF&#8221; hover_btn_color=&#8221;danger&#8221; hover_add_button=&#8221;true&#8221; hover_btn_link=&#8221;url:http%3A%2F%2Ftorcalpower.com%2Fweb3%2Fpdf%2Finstrumentacion%2FSACI.pdf|||&#8221;]Somos representantes de ventas para la l\u00ednea de transformadores y Controladores de Eficiencia Energ\u00e9tica El\u00e9ctrica.[\/vc_hoverbox][\/vc_column][vc_column width=&#8221;1\/3&#8243;][vc_hoverbox image=&#8221;1697&#8243; primary_title=&#8221;&#8221; hover_title=&#8221;Flow Line&#8221; hover_btn_title=&#8221;Descargar PDF&#8221; hover_btn_color=&#8221;danger&#8221; hover_add_button=&#8221;true&#8221; hover_btn_link=&#8221;url:http%3A%2F%2Ftorcalpower.com%2Fweb3%2Fpdf%2Finstrumentacion%2FFlowline.pdf|||&#8221;]Somos representantes en ventas para dimensionamiento, provisi\u00f3n, instalaci\u00f3n y mantenimiento de los sistemas.[\/vc_hoverbox][\/vc_column][vc_column width=&#8221;1\/3&#8243;][vc_hoverbox image=&#8221;1904&#8243; primary_title=&#8221;&#8221; hover_title=&#8221;Innovative&#8221; hover_btn_title=&#8221;Descargar PDF&#8221; hover_btn_color=&#8221;danger&#8221; hover_add_button=&#8221;true&#8221; hover_btn_link=&#8221;url:http%3A%2F%2Ftorcalpower.com%2Fweb3%2Fpdf%2Finstrumentacion%2FLiquidLevel.pdf|||&#8221;]Somos representantes en ventas para sensores de temperatura de nivel l\u00edquido personalizados[\/vc_hoverbox][\/vc_column][\/vc_row][vc_row][vc_column][vc_empty_space][vc_column_text]<\/p>\n<h3>Sistemas de Control<\/h3>\n<p>[\/vc_column_text][vc_empty_space][\/vc_column][\/vc_row][vc_row][vc_column width=&#8221;1\/3&#8243;][vc_hoverbox image=&#8221;1707&#8243; primary_title=&#8221;&#8221; hover_title=&#8221;DEIF&#8221; hover_btn_title=&#8221;Descargar PDF&#8221; hover_add_button=&#8221;true&#8221; hover_btn_custom_onclick=&#8221;true&#8221; hover_btn_link=&#8221;url:http%3A%2F%2Ftorcalpower.com%2Fweb3%2Fpdf%2FsistemasControl%2FDEIF.pdf|||&#8221;]Somos t\u00e9cnicos especialistas para la instalaci\u00f3n, programaci\u00f3n y mantenimiento de sistemas de controles DEIF[\/vc_hoverbox][vc_empty_space][\/vc_column][vc_column width=&#8221;1\/3&#8243;][vc_hoverbox image=&#8221;1709&#8243; primary_title=&#8221;&#8221; hover_title=&#8221;CRE&#8221; hover_btn_title=&#8221;Descargar PDF&#8221; hover_btn_color=&#8221;danger&#8221; hover_add_button=&#8221;true&#8221; hover_btn_link=&#8221;url:http%3A%2F%2Ftorcalpower.com%2Fweb3%2Fpdf%2FsistemasControl%2Fcre.pdf|||&#8221;]Somos representantes de ventas en gamas completas de soluciones para sincronizar el paralelismo y compartir la carga[\/vc_hoverbox][\/vc_column][vc_column width=&#8221;1\/3&#8243;][vc_hoverbox image=&#8221;1711&#8243; primary_title=&#8221;&#8221; hover_title=&#8221;SICES&#8221; hover_btn_title=&#8221;Descargar PDF&#8221; hover_btn_color=&#8221;danger&#8221; hover_add_button=&#8221;true&#8221; hover_btn_link=&#8221;url:http%3A%2F%2Ftorcalpower.com%2Fweb3%2Fpdf%2FsistemasControl%2FSICES.pdf|||&#8221;]Somos representante de ventas y desarrollo de sistemas de control y soluciones para grupos generadores.[\/vc_hoverbox][\/vc_column][\/vc_row][vc_row][vc_column][vc_empty_space][vc_column_text]<\/p>\n<h3>Accesorios<\/h3>\n<p>[\/vc_column_text][vc_empty_space][\/vc_column][\/vc_row][vc_row][vc_column width=&#8221;1\/3&#8243;][vc_hoverbox image=&#8221;1929&#8243; primary_title=&#8221;&#8221; hover_title=&#8221;Hotstart&#8221; hover_btn_title=&#8221;Descargar PDF&#8221; hover_btn_color=&#8221;danger&#8221; hover_add_button=&#8221;true&#8221; hover_btn_link=&#8221;url:http%3A%2F%2Ftorcalpower.com%2Fweb3%2Fpdf%2Faccesorios%2Fhotstart.pdf|||&#8221;]Somos representantes de ventas para dimensionar, suministrar, instalar y dar mantenimiento a los sistemas de precalentamiento, refrigerantes y de aceites[\/vc_hoverbox][\/vc_column][vc_column width=&#8221;1\/3&#8243;][vc_hoverbox image=&#8221;1667&#8243; primary_title=&#8221;&#8221; hover_title=&#8221;La Marche&#8221; hover_btn_title=&#8221;Descargar PDF&#8221; hover_btn_color=&#8221;danger&#8221; hover_add_button=&#8221;true&#8221; hover_btn_link=&#8221;url:http%3A%2F%2Ftorcalpower.com%2Fweb3%2Fpdf%2FLaMarche_catalogo.pdf|||&#8221;]Somos representantes de ventas para dimensionamiento, provisi\u00f3n, instalaci\u00f3n y mantenimiento de sistemas cargadores de bater\u00edas.[\/vc_hoverbox][\/vc_column][vc_column width=&#8221;1\/3&#8243;][vc_single_image image=&#8221;1998&#8243; img_size=&#8221;full&#8221;][\/vc_column][\/vc_row][vc_row][vc_column width=&#8221;1\/3&#8243;][vc_empty_space][vc_hoverbox image=&#8221;2166&#8243; primary_title=&#8221;&#8221; hover_title=&#8221;LITTELFUSE&#8221; hover_btn_title=&#8221;Visita www.littelfuse.com&#8221; hover_btn_color=&#8221;danger&#8221; hover_add_button=&#8221;true&#8221; hover_btn_link=&#8221;url:http%3A%2F%2Fwww.littelfuse.com%2Fproducts.aspx|||&#8221;]Torcal Power es distribuidor para venta e instalaci\u00f3n de los productos industriales, automotrices, Relay, Fusibles y dem\u00e1s productos.[\/vc_hoverbox][\/vc_column][vc_column width=&#8221;1\/3&#8243;][\/vc_column][vc_column width=&#8221;1\/3&#8243;][\/vc_column][\/vc_row][vc_row][vc_column][vc_empty_space][vc_column_text]<\/p>\n<h3>Accesorios de Supermercados<\/h3>\n<p>[\/vc_column_text][vc_empty_space][\/vc_column][\/vc_row][vc_row][vc_column width=&#8221;1\/3&#8243;][vc_hoverbox image=&#8221;2159&#8243; primary_title=&#8221;&#8221; hover_title=&#8221;INTERROLL&#8221; hover_btn_title=&#8221;Visita www.interroll.com&#8221; hover_btn_color=&#8221;danger&#8221; hover_add_button=&#8221;true&#8221; hover_btn_link=&#8221;url:https%3A%2F%2Fwww.interroll.com%2Fes%2F|||&#8221;]Torcal Power es representante independiente para dise\u00f1o, actualizaci\u00f3n de Check-Outs, venta de motor-tambores y sistemas de control.[\/vc_hoverbox][\/vc_column][vc_column width=&#8221;1\/3&#8243;][\/vc_column][vc_column width=&#8221;1\/3&#8243;][\/vc_column][\/vc_row][vc_row][vc_column][vc_empty_space][\/vc_column][\/vc_row]<\/p>\n","protected":false},"excerpt":{"rendered":"<p>[vc_row][vc_column][vc_column_text] Generaci\u00f3n El\u00e9ctrica [\/vc_column_text][vc_empty_space][\/vc_column][\/vc_row][vc_row][vc_column width=&#8221;1\/3&#8243;][vc_hoverbox image=&#8221;1658&#8243; primary_title=&#8221;&#8221; hover_title=&#8221;Kohler&#8221; hover_btn_title=&#8221;Descargar PDF&#8221; hover_btn_color=&#8221;danger&#8221; hover_add_button=&#8221;true&#8221; hover_btn_link=&#8221;url:http%3A%2F%2Ftorcalpower.com%2Fweb3%2Fpdf%2FGeneradores_kohler.pdf|||&#8221;]En Torcal Power somos Service\u00a0Dealer Factory desde el 2006 de Kohler, marca sin\u00f3nimo de resistencia y funcionalidad[\/vc_hoverbox][\/vc_column][vc_column width=&#8221;1\/3&#8243;][vc_hoverbox image=&#8221;1661&#8243; primary_title=&#8221;&#8221; hover_title=&#8221;Kohler SDMO&#8221; hover_btn_title=&#8221;Descargar PDF&#8221; hover_btn_color=&#8221;danger&#8221; hover_add_button=&#8221;true&#8221; hover_btn_link=&#8221;url:http%3A%2F%2Ftorcalpower.com%2Fweb3%2Fwp-content%2Fuploads%2F2018%2F06%2FGeneradores_kohler_SDMO_2.pdf|title:Descargar%20PDF||&#8221;]Somos representantes del departamento de ingenier\u00eda para proyectos especiales y servicio t\u00e9cnico especializado.[\/vc_hoverbox][\/vc_column][vc_column [&hellip;]<\/p>\n","protected":false},"author":1,"featured_media":0,"parent":0,"menu_order":0,"comment_status":"closed","ping_status":"closed","template":"tpl\/page_fullwidth.php","meta":{"_exactmetrics_skip_tracking":false,"_exactmetrics_sitenote_active":false,"_exactmetrics_sitenote_note":"","_exactmetrics_sitenote_category":0},"_links":{"self":[{"href":"https:\/\/torcalpower.com\/web3\/wp-json\/wp\/v2\/pages\/515"}],"collection":[{"href":"https:\/\/torcalpower.com\/web3\/wp-json\/wp\/v2\/pages"}],"about":[{"href":"https:\/\/torcalpower.com\/web3\/wp-json\/wp\/v2\/types\/page"}],"author":[{"embeddable":true,"href":"https:\/\/torcalpower.com\/web3\/wp-json\/wp\/v2\/users\/1"}],"replies":[{"embeddable":true,"href":"https:\/\/torcalpower.com\/web3\/wp-json\/wp\/v2\/comments?post=515"}],"version-history":[{"count":80,"href":"https:\/\/torcalpower.com\/web3\/wp-json\/wp\/v2\/pages\/515\/revisions"}],"predecessor-version":[{"id":2184,"href":"https:\/\/torcalpower.com\/web3\/wp-json\/wp\/v2\/pages\/515\/revisions\/2184"}],"wp:attachment":[{"href":"https:\/\/torcalpower.com\/web3\/wp-json\/wp\/v2\/media?parent=515"}],"curies":[{"name":"wp","href":"https:\/\/api.w.org\/{rel}","templated":true}]}}