{"id":2195,"date":"2025-06-22T15:44:34","date_gmt":"2025-06-22T15:44:34","guid":{"rendered":"https:\/\/torcalpower.com\/web3\/?page_id=2195"},"modified":"2025-06-22T20:36:23","modified_gmt":"2025-06-22T20:36:23","slug":"filtrado-de-armonicos","status":"publish","type":"page","link":"https:\/\/torcalpower.com\/web3\/filtrado-de-armonicos\/","title":{"rendered":"Filtrado Activo para Armonicos"},"content":{"rendered":"\n<figure class=\"is-layout-flex wp-block-gallery-1 wp-block-gallery has-nested-images columns-default is-cropped\">\n<figure class=\"wp-block-image size-large\"><img decoding=\"async\" loading=\"lazy\" width=\"1024\" height=\"659\" data-id=\"2214\"  src=\"https:\/\/torcalpower.com\/web3\/wp-content\/uploads\/2025\/06\/Captura-de-Pantalla-2025-06-22-a-las-14.58.45-1024x659.png\" alt=\"\" class=\"wp-image-2214\" srcset=\"https:\/\/torcalpower.com\/web3\/wp-content\/uploads\/2025\/06\/Captura-de-Pantalla-2025-06-22-a-las-14.58.45-1024x659.png 1024w, https:\/\/torcalpower.com\/web3\/wp-content\/uploads\/2025\/06\/Captura-de-Pantalla-2025-06-22-a-las-14.58.45-300x193.png 300w, https:\/\/torcalpower.com\/web3\/wp-content\/uploads\/2025\/06\/Captura-de-Pantalla-2025-06-22-a-las-14.58.45-768x494.png 768w, https:\/\/torcalpower.com\/web3\/wp-content\/uploads\/2025\/06\/Captura-de-Pantalla-2025-06-22-a-las-14.58.45-1536x989.png 1536w, https:\/\/torcalpower.com\/web3\/wp-content\/uploads\/2025\/06\/Captura-de-Pantalla-2025-06-22-a-las-14.58.45.png 1544w\" sizes=\"(max-width: 1024px) 100vw, 1024px\" \/><\/figure>\n<\/figure>\n\n\n\n<figure class=\"is-layout-flex wp-block-gallery-3 wp-block-gallery has-nested-images columns-default is-cropped\">\n<figure class=\"wp-block-image size-large\"><img decoding=\"async\" loading=\"lazy\" width=\"1024\" height=\"972\" data-id=\"2217\"  src=\"https:\/\/torcalpower.com\/web3\/wp-content\/uploads\/2025\/06\/Captura-de-Pantalla-2025-06-22-a-las-15.01.21-1024x972.png\" alt=\"\" class=\"wp-image-2217\" srcset=\"https:\/\/torcalpower.com\/web3\/wp-content\/uploads\/2025\/06\/Captura-de-Pantalla-2025-06-22-a-las-15.01.21-1024x972.png 1024w, https:\/\/torcalpower.com\/web3\/wp-content\/uploads\/2025\/06\/Captura-de-Pantalla-2025-06-22-a-las-15.01.21-300x285.png 300w, https:\/\/torcalpower.com\/web3\/wp-content\/uploads\/2025\/06\/Captura-de-Pantalla-2025-06-22-a-las-15.01.21-768x729.png 768w, https:\/\/torcalpower.com\/web3\/wp-content\/uploads\/2025\/06\/Captura-de-Pantalla-2025-06-22-a-las-15.01.21.png 1220w\" sizes=\"(max-width: 1024px) 100vw, 1024px\" \/><\/figure>\n<\/figure>\n\n\n\n<figure class=\"is-layout-flex wp-block-gallery-5 wp-block-gallery has-nested-images columns-default is-cropped\">\n<figure class=\"wp-block-image size-large\"><img decoding=\"async\" loading=\"lazy\" width=\"871\" height=\"1024\" data-id=\"2220\"  src=\"https:\/\/torcalpower.com\/web3\/wp-content\/uploads\/2025\/06\/Captura-de-Pantalla-2025-06-22-a-las-15.02.35-871x1024.png\" alt=\"\" class=\"wp-image-2220\" srcset=\"https:\/\/torcalpower.com\/web3\/wp-content\/uploads\/2025\/06\/Captura-de-Pantalla-2025-06-22-a-las-15.02.35-871x1024.png 871w, https:\/\/torcalpower.com\/web3\/wp-content\/uploads\/2025\/06\/Captura-de-Pantalla-2025-06-22-a-las-15.02.35-255x300.png 255w, https:\/\/torcalpower.com\/web3\/wp-content\/uploads\/2025\/06\/Captura-de-Pantalla-2025-06-22-a-las-15.02.35-768x903.png 768w, https:\/\/torcalpower.com\/web3\/wp-content\/uploads\/2025\/06\/Captura-de-Pantalla-2025-06-22-a-las-15.02.35-1306x1536.png 1306w, https:\/\/torcalpower.com\/web3\/wp-content\/uploads\/2025\/06\/Captura-de-Pantalla-2025-06-22-a-las-15.02.35.png 1386w\" sizes=\"(max-width: 871px) 100vw, 871px\" \/><\/figure>\n<\/figure>\n\n\n\n<figure class=\"wp-block-embed is-type-video is-provider-youtube wp-block-embed-youtube wp-embed-aspect-16-9 wp-has-aspect-ratio\"><div class=\"wp-block-embed__wrapper\">\n<iframe loading=\"lazy\" title=\"ADF - Low harmonic solution\" width=\"1170\" height=\"658\" src=\"https:\/\/www.youtube.com\/embed\/ha81KPY_zFw?feature=oembed\" frameborder=\"0\" allow=\"accelerometer; autoplay; clipboard-write; encrypted-media; gyroscope; picture-in-picture; web-share\" referrerpolicy=\"strict-origin-when-cross-origin\" allowfullscreen><\/iframe>\n<\/div><\/figure>\n\n\n\n<p><strong>Somos representantes de COMSYS en Ecuador<\/strong>, una empresa especializada en soluciones avanzadas para\u00a0<strong>energia el\u00e9ctrica<\/strong>.<\/p>\n\n\n\n<p>Ofrecemos un servicio integral que incluye:<\/p>\n\n\n\n<ul>\n<li><strong>Dise\u00f1o y ejecuci\u00f3n de proyectos<\/strong><\/li>\n\n\n\n<li><strong>Suministro de equipos<\/strong><\/li>\n\n\n\n<li><strong>Instalaci\u00f3n y puesta en marcha<\/strong><\/li>\n\n\n\n<li><strong>Soporte t\u00e9cnico especializado<\/strong><\/li>\n\n\n\n<li><strong>Garant\u00eda oficial de f\u00e1brica<\/strong><\/li>\n<\/ul>\n\n\n\n<p>Contamos con experiencia en el sector el\u00e9ctrico ecuatoriano y trabajamos con tecnolog\u00eda de clase mundial, respaldada por COMSYS, l\u00edder internacional en Soluciones Especiales para sistemas y an\u00e1lisis de energ\u00eda.<\/p>\n","protected":false},"excerpt":{"rendered":"<p>Somos representantes de COMSYS en Ecuador, una empresa especializada en soluciones avanzadas para\u00a0energia el\u00e9ctrica. Ofrecemos un servicio integral que incluye: Contamos con experiencia en el sector el\u00e9ctrico ecuatoriano y trabajamos con tecnolog\u00eda de clase mundial, respaldada por COMSYS, l\u00edder internacional en Soluciones Especiales para sistemas y an\u00e1lisis de energ\u00eda.<\/p>\n","protected":false},"author":1,"featured_media":0,"parent":0,"menu_order":0,"comment_status":"closed","ping_status":"closed","template":"","meta":{"_exactmetrics_skip_tracking":false,"_exactmetrics_sitenote_active":false,"_exactmetrics_sitenote_note":"","_exactmetrics_sitenote_category":0},"_links":{"self":[{"href":"https:\/\/torcalpower.com\/web3\/wp-json\/wp\/v2\/pages\/2195"}],"collection":[{"href":"https:\/\/torcalpower.com\/web3\/wp-json\/wp\/v2\/pages"}],"about":[{"href":"https:\/\/torcalpower.com\/web3\/wp-json\/wp\/v2\/types\/page"}],"author":[{"embeddable":true,"href":"https:\/\/torcalpower.com\/web3\/wp-json\/wp\/v2\/users\/1"}],"replies":[{"embeddable":true,"href":"https:\/\/torcalpower.com\/web3\/wp-json\/wp\/v2\/comments?post=2195"}],"version-history":[{"count":6,"href":"https:\/\/torcalpower.com\/web3\/wp-json\/wp\/v2\/pages\/2195\/revisions"}],"predecessor-version":[{"id":2231,"href":"https:\/\/torcalpower.com\/web3\/wp-json\/wp\/v2\/pages\/2195\/revisions\/2231"}],"wp:attachment":[{"href":"https:\/\/torcalpower.com\/web3\/wp-json\/wp\/v2\/media?parent=2195"}],"curies":[{"name":"wp","href":"https:\/\/api.w.org\/{rel}","templated":true}]}}