{"id":2158,"date":"2018-04-27T17:33:53","date_gmt":"2018-04-27T17:33:53","guid":{"rendered":"http:\/\/torcalpower.com\/web3\/?page_id=2158"},"modified":"2025-06-24T04:56:19","modified_gmt":"2025-06-24T04:56:19","slug":"our-team-7-2","status":"publish","type":"page","link":"https:\/\/torcalpower.com\/web3\/productos\/our-team-7-2\/","title":{"rendered":"Moto Tambores"},"content":{"rendered":"<p>[vc_row parallax_speed=&#8221;4&#8243; parallax_x=&#8221;4&#8243; parallax_y=&#8221;4&#8243; css=&#8221;.vc_custom_1489141509910{padding-bottom: 50px !important;}&#8221;][vc_column]\n\t\t<div class=\"flat-team  has-image\">\n\t\t\t\n\t\t\t<div class=\"team-image\">\n\t\t\t\t<img src=\"https:\/\/torcalpower.com\/web3\/wp-content\/uploads\/2018\/04\/Accesorios_Supermercados.jpg\" alt=\"INTERROLL\" \/>\n\t\t\t<\/div>\n\t\t\t\t\t\n\t\t\t<div class=\"team-info\">\t\n\t\t\t\t<h3 class=\"team-name\">INTERROLL<\/h3>\t\t\t\n\t\t\t\t<div class=\"team-desc\">Fabricantes y proveedores de motores tipo tambor, bandas transportadoras,transportadores conjunto, rodillos, bandas y sistemas de control para Check-Out y caja registradoras para Supermercados y centros de distribuci\u00f3n de mercader\u00eda.<br>Torcal Power, es representante independiente para dise\u00f1o, actualizaci\u00f3n de Check-Outs, venta de motor-tambores y sistemas de control.<\/div>\n\t\t\t\t\n\t\t\t\t\n\t\t\t<p class=\"box-readmore\">\n\t\t\t\t<a href=\"https:\/\/www.interroll.com\/\">Visita www.interroll.com<\/a>\n\t\t\t<\/p>\n\t\t\t<\/div>\n\t\t<\/div>\n\t[\/vc_column][\/vc_row]<\/p>\n\n\n<figure class=\"is-layout-flex wp-block-gallery-1 wp-block-gallery has-nested-images columns-default is-cropped\">\n<figure class=\"wp-block-image size-large\"><img decoding=\"async\" loading=\"lazy\" width=\"1024\" height=\"280\" data-id=\"2243\"  src=\"https:\/\/torcalpower.com\/web3\/wp-content\/uploads\/2025\/06\/Captura-de-Pantalla-2025-06-22-a-las-16.24.11-1024x280.png\" alt=\"\" class=\"wp-image-2243\" srcset=\"https:\/\/torcalpower.com\/web3\/wp-content\/uploads\/2025\/06\/Captura-de-Pantalla-2025-06-22-a-las-16.24.11-1024x280.png 1024w, https:\/\/torcalpower.com\/web3\/wp-content\/uploads\/2025\/06\/Captura-de-Pantalla-2025-06-22-a-las-16.24.11-300x82.png 300w, https:\/\/torcalpower.com\/web3\/wp-content\/uploads\/2025\/06\/Captura-de-Pantalla-2025-06-22-a-las-16.24.11-768x210.png 768w, https:\/\/torcalpower.com\/web3\/wp-content\/uploads\/2025\/06\/Captura-de-Pantalla-2025-06-22-a-las-16.24.11-1536x420.png 1536w, https:\/\/torcalpower.com\/web3\/wp-content\/uploads\/2025\/06\/Captura-de-Pantalla-2025-06-22-a-las-16.24.11-2048x560.png 2048w\" sizes=\"(max-width: 1024px) 100vw, 1024px\" \/><\/figure>\n<\/figure>\n","protected":false},"excerpt":{"rendered":"<p>[vc_row parallax_speed=&#8221;4&#8243; parallax_x=&#8221;4&#8243; parallax_y=&#8221;4&#8243; css=&#8221;.vc_custom_1489141509910{padding-bottom: 50px !important;}&#8221;][vc_column][\/vc_column][\/vc_row]<\/p>\n","protected":false},"author":1,"featured_media":0,"parent":515,"menu_order":0,"comment_status":"closed","ping_status":"closed","template":"tpl\/page_single.php","meta":{"_exactmetrics_skip_tracking":false,"_exactmetrics_sitenote_active":false,"_exactmetrics_sitenote_note":"","_exactmetrics_sitenote_category":0},"_links":{"self":[{"href":"https:\/\/torcalpower.com\/web3\/wp-json\/wp\/v2\/pages\/2158"}],"collection":[{"href":"https:\/\/torcalpower.com\/web3\/wp-json\/wp\/v2\/pages"}],"about":[{"href":"https:\/\/torcalpower.com\/web3\/wp-json\/wp\/v2\/types\/page"}],"author":[{"embeddable":true,"href":"https:\/\/torcalpower.com\/web3\/wp-json\/wp\/v2\/users\/1"}],"replies":[{"embeddable":true,"href":"https:\/\/torcalpower.com\/web3\/wp-json\/wp\/v2\/comments?post=2158"}],"version-history":[{"count":5,"href":"https:\/\/torcalpower.com\/web3\/wp-json\/wp\/v2\/pages\/2158\/revisions"}],"predecessor-version":[{"id":2248,"href":"https:\/\/torcalpower.com\/web3\/wp-json\/wp\/v2\/pages\/2158\/revisions\/2248"}],"up":[{"embeddable":true,"href":"https:\/\/torcalpower.com\/web3\/wp-json\/wp\/v2\/pages\/515"}],"wp:attachment":[{"href":"https:\/\/torcalpower.com\/web3\/wp-json\/wp\/v2\/media?parent=2158"}],"curies":[{"name":"wp","href":"https:\/\/api.w.org\/{rel}","templated":true}]}}