{"id":1804,"date":"2018-04-09T12:49:59","date_gmt":"2018-04-09T12:49:59","guid":{"rendered":"http:\/\/torcalpower.com\/web3\/?page_id=1804"},"modified":"2018-04-20T23:33:16","modified_gmt":"2018-04-20T23:33:16","slug":"services-2-2-2-2","status":"publish","type":"page","link":"https:\/\/torcalpower.com\/web3\/services\/services-2-2-2-2\/","title":{"rendered":"Capacitaci\u00f3n"},"content":{"rendered":"<p>[vc_row][vc_column width=&#8221;1\/2&#8243;][vc_single_image image=&#8221;1793&#8243; img_size=&#8221;full&#8221;][\/vc_column][vc_column width=&#8221;1\/2&#8243;][vc_column_text]Los especialistas de Torcal Power le pueden ayudarle a adquirir las habilidades necesarias para utilizar eficientemente sus equipos y de este modo aumentar la disponibilidad.<br \/>\nLas capacitaciones de formaci\u00f3n t\u00e9cnica de Torcal Power pueden impartirse en su ubicaci\u00f3n.[\/vc_column_text][\/vc_column][\/vc_row][vc_row full_width=&#8221;stretch_row_content_no_spaces&#8221;][vc_column][vc_empty_space][vc_single_image image=&#8221;2107&#8243; img_size=&#8221;full&#8221;][\/vc_column][\/vc_row]<\/p>\n","protected":false},"excerpt":{"rendered":"<p>[vc_row][vc_column width=&#8221;1\/2&#8243;][vc_single_image image=&#8221;1793&#8243; img_size=&#8221;full&#8221;][\/vc_column][vc_column width=&#8221;1\/2&#8243;][vc_column_text]Los especialistas de Torcal Power le pueden ayudarle a adquirir las habilidades necesarias para utilizar eficientemente sus equipos y de este modo aumentar la disponibilidad. Las capacitaciones de formaci\u00f3n t\u00e9cnica de Torcal Power pueden impartirse en su ubicaci\u00f3n.[\/vc_column_text][\/vc_column][\/vc_row][vc_row full_width=&#8221;stretch_row_content_no_spaces&#8221;][vc_column][vc_empty_space][vc_single_image image=&#8221;2107&#8243; img_size=&#8221;full&#8221;][\/vc_column][\/vc_row]<\/p>\n","protected":false},"author":1,"featured_media":0,"parent":517,"menu_order":0,"comment_status":"closed","ping_status":"closed","template":"tpl\/page_fullwidth.php","meta":{"_exactmetrics_skip_tracking":false,"_exactmetrics_sitenote_active":false,"_exactmetrics_sitenote_note":"","_exactmetrics_sitenote_category":0},"_links":{"self":[{"href":"https:\/\/torcalpower.com\/web3\/wp-json\/wp\/v2\/pages\/1804"}],"collection":[{"href":"https:\/\/torcalpower.com\/web3\/wp-json\/wp\/v2\/pages"}],"about":[{"href":"https:\/\/torcalpower.com\/web3\/wp-json\/wp\/v2\/types\/page"}],"author":[{"embeddable":true,"href":"https:\/\/torcalpower.com\/web3\/wp-json\/wp\/v2\/users\/1"}],"replies":[{"embeddable":true,"href":"https:\/\/torcalpower.com\/web3\/wp-json\/wp\/v2\/comments?post=1804"}],"version-history":[{"count":3,"href":"https:\/\/torcalpower.com\/web3\/wp-json\/wp\/v2\/pages\/1804\/revisions"}],"predecessor-version":[{"id":2108,"href":"https:\/\/torcalpower.com\/web3\/wp-json\/wp\/v2\/pages\/1804\/revisions\/2108"}],"up":[{"embeddable":true,"href":"https:\/\/torcalpower.com\/web3\/wp-json\/wp\/v2\/pages\/517"}],"wp:attachment":[{"href":"https:\/\/torcalpower.com\/web3\/wp-json\/wp\/v2\/media?parent=1804"}],"curies":[{"name":"wp","href":"https:\/\/api.w.org\/{rel}","templated":true}]}}