{"id":1800,"date":"2018-04-09T12:47:50","date_gmt":"2018-04-09T12:47:50","guid":{"rendered":"http:\/\/torcalpower.com\/web3\/?page_id=1800"},"modified":"2018-04-20T23:18:52","modified_gmt":"2018-04-20T23:18:52","slug":"services-2-2","status":"publish","type":"page","link":"https:\/\/torcalpower.com\/web3\/services\/services-2-2\/","title":{"rendered":"Mantenimiento"},"content":{"rendered":"<p>[vc_row][vc_column width=&#8221;1\/2&#8243;][vc_single_image image=&#8221;1789&#8243; img_size=&#8221;full&#8221;][\/vc_column][vc_column width=&#8221;1\/2&#8243;][vc_column_text]En Torcal Power generamos planificaciones de mantenimiento programado en los intervalos recomendados, es esencial para asegurar la fiabilidad, la vida del motor y un m\u00e1ximo regreso de la inversi\u00f3n en cualquier equipo de generaci\u00f3n de energ\u00eda. Este enfoque tambi\u00e9n minimiza el tiempo de inactividad ya que los operadores pueden arreglar que haya energ\u00eda de respaldo mientras se le da servicio a la unidad principal.[\/vc_column_text][\/vc_column][\/vc_row][vc_row][vc_column][vc_empty_space][\/vc_column][\/vc_row][vc_row full_width=&#8221;stretch_row_content_no_spaces&#8221;][vc_column][vc_single_image image=&#8221;2094&#8243; img_size=&#8221;full&#8221;][\/vc_column][\/vc_row]<\/p>\n","protected":false},"excerpt":{"rendered":"<p>[vc_row][vc_column width=&#8221;1\/2&#8243;][vc_single_image image=&#8221;1789&#8243; img_size=&#8221;full&#8221;][\/vc_column][vc_column width=&#8221;1\/2&#8243;][vc_column_text]En Torcal Power generamos planificaciones de mantenimiento programado en los intervalos recomendados, es esencial para asegurar la fiabilidad, la vida del motor y un m\u00e1ximo regreso de la inversi\u00f3n en cualquier equipo de generaci\u00f3n de energ\u00eda. Este enfoque tambi\u00e9n minimiza el tiempo de inactividad ya que los [&hellip;]<\/p>\n","protected":false},"author":1,"featured_media":0,"parent":517,"menu_order":0,"comment_status":"closed","ping_status":"closed","template":"tpl\/page_fullwidth.php","meta":{"_exactmetrics_skip_tracking":false,"_exactmetrics_sitenote_active":false,"_exactmetrics_sitenote_note":"","_exactmetrics_sitenote_category":0},"_links":{"self":[{"href":"https:\/\/torcalpower.com\/web3\/wp-json\/wp\/v2\/pages\/1800"}],"collection":[{"href":"https:\/\/torcalpower.com\/web3\/wp-json\/wp\/v2\/pages"}],"about":[{"href":"https:\/\/torcalpower.com\/web3\/wp-json\/wp\/v2\/types\/page"}],"author":[{"embeddable":true,"href":"https:\/\/torcalpower.com\/web3\/wp-json\/wp\/v2\/users\/1"}],"replies":[{"embeddable":true,"href":"https:\/\/torcalpower.com\/web3\/wp-json\/wp\/v2\/comments?post=1800"}],"version-history":[{"count":8,"href":"https:\/\/torcalpower.com\/web3\/wp-json\/wp\/v2\/pages\/1800\/revisions"}],"predecessor-version":[{"id":2101,"href":"https:\/\/torcalpower.com\/web3\/wp-json\/wp\/v2\/pages\/1800\/revisions\/2101"}],"up":[{"embeddable":true,"href":"https:\/\/torcalpower.com\/web3\/wp-json\/wp\/v2\/pages\/517"}],"wp:attachment":[{"href":"https:\/\/torcalpower.com\/web3\/wp-json\/wp\/v2\/media?parent=1800"}],"curies":[{"name":"wp","href":"https:\/\/api.w.org\/{rel}","templated":true}]}}