{"id":1737,"date":"2018-04-09T04:59:32","date_gmt":"2018-04-09T04:59:32","guid":{"rendered":"http:\/\/torcalpower.com\/web3\/?page_id=1737"},"modified":"2018-04-17T18:31:53","modified_gmt":"2018-04-17T18:31:53","slug":"our-team-5","status":"publish","type":"page","link":"https:\/\/torcalpower.com\/web3\/productos\/our-team-5\/","title":{"rendered":"Sistemas de Control"},"content":{"rendered":"<p>[vc_row parallax_speed=&#8221;4&#8243; parallax_x=&#8221;4&#8243; parallax_y=&#8221;4&#8243; css=&#8221;.vc_custom_1489141509910{padding-bottom: 50px !important;}&#8221;][vc_column]\n\t\t<div class=\"flat-team  has-image\">\n\t\t\t\n\t\t\t<div class=\"team-image\">\n\t\t\t\t<img src=\"https:\/\/torcalpower.com\/web3\/wp-content\/uploads\/2018\/04\/Dief.jpg\" alt=\"Deif\" \/>\n\t\t\t<\/div>\n\t\t\t\t\t\n\t\t\t<div class=\"team-info\">\t\n\t\t\t\t<h3 class=\"team-name\">Deif<\/h3>\t\t\t\n\t\t\t\t<div class=\"team-desc\">Somos t\u00e9cnicos especialistas para la instalaci\u00f3n, programaci\u00f3n y mantenimiento de sistemas DEIF para controladores de motores, equipos de cuadros el\u00e9ctricos, e instrumentos de puentes marinos<\/div>\n\t\t\t\t\n\t\t\t\t\n\t\t\t<p class=\"box-readmore\">\n\t\t\t\t<a href=\"http:\/\/torcalpower.com\/web3\/pdf\/sistemasControl\/DEIF.pdf\">Descargar PDF<\/a>\n\t\t\t<\/p>\n\t\t\t<\/div>\n\t\t<\/div>\n\t\n\t\t<div class=\"flat-team  has-image\">\n\t\t\t\n\t\t\t<div class=\"team-image\">\n\t\t\t\t<img src=\"https:\/\/torcalpower.com\/web3\/wp-content\/uploads\/2018\/04\/cre.jpg\" alt=\"CRE\" \/>\n\t\t\t<\/div>\n\t\t\t\t\t\n\t\t\t<div class=\"team-info\">\t\n\t\t\t\t<h3 class=\"team-name\">CRE<\/h3>\t\t\t\n\t\t\t\t<div class=\"team-desc\">Somos representantes de ventas en gamas completas de soluciones para sincronizar el paralelismo y compartir la carga<\/div>\n\t\t\t\t\n\t\t\t\t\n\t\t\t<p class=\"box-readmore\">\n\t\t\t\t<a href=\"http:\/\/torcalpower.com\/web3\/pdf\/sistemasControl\/cre.pdf\">Descargar PDF<\/a>\n\t\t\t<\/p>\n\t\t\t<\/div>\n\t\t<\/div>\n\t\n\t\t<div class=\"flat-team  has-image\">\n\t\t\t\n\t\t\t<div class=\"team-image\">\n\t\t\t\t<img src=\"https:\/\/torcalpower.com\/web3\/wp-content\/uploads\/2018\/04\/sices.jpg\" alt=\"SICES\" \/>\n\t\t\t<\/div>\n\t\t\t\t\t\n\t\t\t<div class=\"team-info\">\t\n\t\t\t\t<h3 class=\"team-name\">SICES<\/h3>\t\t\t\n\t\t\t\t<div class=\"team-desc\">Somos representante de ventas y desarrollo de sistemas de control y soluciones para grupos generadores.<\/div>\n\t\t\t\t\n\t\t\t\t\n\t\t\t<p class=\"box-readmore\">\n\t\t\t\t<a href=\"http:\/\/torcalpower.com\/web3\/pdf\/sistemasControl\/SICES.pdf\">Descargar PDF<\/a>\n\t\t\t<\/p>\n\t\t\t<\/div>\n\t\t<\/div>\n\t[\/vc_column][\/vc_row]<\/p>\n","protected":false},"excerpt":{"rendered":"<p>[vc_row parallax_speed=&#8221;4&#8243; parallax_x=&#8221;4&#8243; parallax_y=&#8221;4&#8243; css=&#8221;.vc_custom_1489141509910{padding-bottom: 50px !important;}&#8221;][vc_column][\/vc_column][\/vc_row]<\/p>\n","protected":false},"author":1,"featured_media":0,"parent":515,"menu_order":0,"comment_status":"closed","ping_status":"closed","template":"tpl\/page_single.php","meta":{"_exactmetrics_skip_tracking":false,"_exactmetrics_sitenote_active":false,"_exactmetrics_sitenote_note":"","_exactmetrics_sitenote_category":0},"_links":{"self":[{"href":"https:\/\/torcalpower.com\/web3\/wp-json\/wp\/v2\/pages\/1737"}],"collection":[{"href":"https:\/\/torcalpower.com\/web3\/wp-json\/wp\/v2\/pages"}],"about":[{"href":"https:\/\/torcalpower.com\/web3\/wp-json\/wp\/v2\/types\/page"}],"author":[{"embeddable":true,"href":"https:\/\/torcalpower.com\/web3\/wp-json\/wp\/v2\/users\/1"}],"replies":[{"embeddable":true,"href":"https:\/\/torcalpower.com\/web3\/wp-json\/wp\/v2\/comments?post=1737"}],"version-history":[{"count":5,"href":"https:\/\/torcalpower.com\/web3\/wp-json\/wp\/v2\/pages\/1737\/revisions"}],"predecessor-version":[{"id":1980,"href":"https:\/\/torcalpower.com\/web3\/wp-json\/wp\/v2\/pages\/1737\/revisions\/1980"}],"up":[{"embeddable":true,"href":"https:\/\/torcalpower.com\/web3\/wp-json\/wp\/v2\/pages\/515"}],"wp:attachment":[{"href":"https:\/\/torcalpower.com\/web3\/wp-json\/wp\/v2\/media?parent=1737"}],"curies":[{"name":"wp","href":"https:\/\/api.w.org\/{rel}","templated":true}]}}