{"id":1735,"date":"2018-04-09T04:55:41","date_gmt":"2018-04-09T04:55:41","guid":{"rendered":"http:\/\/torcalpower.com\/web3\/?page_id=1735"},"modified":"2018-04-17T18:17:34","modified_gmt":"2018-04-17T18:17:34","slug":"our-team-4","status":"publish","type":"page","link":"https:\/\/torcalpower.com\/web3\/productos\/our-team-4\/","title":{"rendered":"Instrumentaci\u00f3n"},"content":{"rendered":"<p>[vc_row parallax_speed=&#8221;4&#8243; parallax_x=&#8221;4&#8243; parallax_y=&#8221;4&#8243; css=&#8221;.vc_custom_1489141509910{padding-bottom: 50px !important;}&#8221;][vc_column]\n\t\t<div class=\"flat-team  has-image\">\n\t\t\t\n\t\t\t<div class=\"team-image\">\n\t\t\t\t<img src=\"https:\/\/torcalpower.com\/web3\/wp-content\/uploads\/2018\/04\/instrumentacion_SACI-1.jpg\" alt=\"SACI\" \/>\n\t\t\t<\/div>\n\t\t\t\t\t\n\t\t\t<div class=\"team-info\">\t\n\t\t\t\t<h3 class=\"team-name\">SACI<\/h3>\t\t\t\n\t\t\t\t<div class=\"team-desc\">Somos representantes de ventas para la l\u00ednea de transformadores de corriente y comercializaci\u00f3n de equipos orientados al Control y la Eficiencia Energ\u00e9tica El\u00e9ctrica.<\/div>\n\t\t\t\t\n\t\t\t\t\n\t\t\t<p class=\"box-readmore\">\n\t\t\t\t<a href=\"http:\/\/torcalpower.com\/web3\/pdf\/instrumentacion\/SACI.pdf\">Descargar PDF<\/a>\n\t\t\t<\/p>\n\t\t\t<\/div>\n\t\t<\/div>\n\t\n\t\t<div class=\"flat-team  has-image\">\n\t\t\t\n\t\t\t<div class=\"team-image\">\n\t\t\t\t<img src=\"https:\/\/torcalpower.com\/web3\/wp-content\/uploads\/2018\/04\/instrumentacion_Flowline.jpg\" alt=\"Flow Line\" \/>\n\t\t\t<\/div>\n\t\t\t\t\t\n\t\t\t<div class=\"team-info\">\t\n\t\t\t\t<h3 class=\"team-name\">Flow Line<\/h3>\t\t\t\n\t\t\t\t<div class=\"team-desc\">Somos representantes en ventas para dimensionamiento, provisi\u00f3n, instalaci\u00f3n y mantenimiento de los sistemas.<\/div>\n\t\t\t\t\n\t\t\t\t\n\t\t\t<p class=\"box-readmore\">\n\t\t\t\t<a href=\"http:\/\/torcalpower.com\/web3\/pdf\/instrumentacion\/Flowline.pdf\">Descargar PDF<\/a>\n\t\t\t<\/p>\n\t\t\t<\/div>\n\t\t<\/div>\n\t\n\t\t<div class=\"flat-team  has-image\">\n\t\t\t\n\t\t\t<div class=\"team-image\">\n\t\t\t\t<img src=\"https:\/\/torcalpower.com\/web3\/wp-content\/uploads\/2018\/04\/innovative-1.jpg\" alt=\"Innovative\" \/>\n\t\t\t<\/div>\n\t\t\t\t\t\n\t\t\t<div class=\"team-info\">\t\n\t\t\t\t<h3 class=\"team-name\">Innovative<\/h3>\t\t\t\n\t\t\t\t<div class=\"team-desc\">Somos representantes en ventas para sensores de temperatura de nivel l\u00edquido personalizados<\/div>\n\t\t\t\t\n\t\t\t\t\n\t\t\t<p class=\"box-readmore\">\n\t\t\t\t<a href=\"http:\/\/torcalpower.com\/web3\/pdf\/instrumentacion\/LiquidLevel.pdf\">Descargar PDF<\/a>\n\t\t\t<\/p>\n\t\t\t<\/div>\n\t\t<\/div>\n\t[\/vc_column][\/vc_row]<\/p>\n","protected":false},"excerpt":{"rendered":"<p>[vc_row parallax_speed=&#8221;4&#8243; parallax_x=&#8221;4&#8243; parallax_y=&#8221;4&#8243; css=&#8221;.vc_custom_1489141509910{padding-bottom: 50px !important;}&#8221;][vc_column][\/vc_column][\/vc_row]<\/p>\n","protected":false},"author":1,"featured_media":0,"parent":515,"menu_order":0,"comment_status":"closed","ping_status":"closed","template":"tpl\/page_single.php","meta":{"_exactmetrics_skip_tracking":false,"_exactmetrics_sitenote_active":false,"_exactmetrics_sitenote_note":"","_exactmetrics_sitenote_category":0},"_links":{"self":[{"href":"https:\/\/torcalpower.com\/web3\/wp-json\/wp\/v2\/pages\/1735"}],"collection":[{"href":"https:\/\/torcalpower.com\/web3\/wp-json\/wp\/v2\/pages"}],"about":[{"href":"https:\/\/torcalpower.com\/web3\/wp-json\/wp\/v2\/types\/page"}],"author":[{"embeddable":true,"href":"https:\/\/torcalpower.com\/web3\/wp-json\/wp\/v2\/users\/1"}],"replies":[{"embeddable":true,"href":"https:\/\/torcalpower.com\/web3\/wp-json\/wp\/v2\/comments?post=1735"}],"version-history":[{"count":8,"href":"https:\/\/torcalpower.com\/web3\/wp-json\/wp\/v2\/pages\/1735\/revisions"}],"predecessor-version":[{"id":1972,"href":"https:\/\/torcalpower.com\/web3\/wp-json\/wp\/v2\/pages\/1735\/revisions\/1972"}],"up":[{"embeddable":true,"href":"https:\/\/torcalpower.com\/web3\/wp-json\/wp\/v2\/pages\/515"}],"wp:attachment":[{"href":"https:\/\/torcalpower.com\/web3\/wp-json\/wp\/v2\/media?parent=1735"}],"curies":[{"name":"wp","href":"https:\/\/api.w.org\/{rel}","templated":true}]}}