{"id":1728,"date":"2018-04-09T04:48:08","date_gmt":"2018-04-09T04:48:08","guid":{"rendered":"http:\/\/torcalpower.com\/web3\/?page_id=1728"},"modified":"2025-06-24T05:19:52","modified_gmt":"2025-06-24T05:19:52","slug":"our-team-3","status":"publish","type":"page","link":"https:\/\/torcalpower.com\/web3\/productos\/our-team-3\/","title":{"rendered":"Sistemas de combustibles"},"content":{"rendered":"<p>[vc_row parallax_speed=&#8221;4&#8243; parallax_x=&#8221;4&#8243; parallax_y=&#8221;4&#8243; css=&#8221;.vc_custom_1489141509910{padding-bottom: 50px !important;}&#8221;][vc_column]\n\t\t<div class=\"flat-team  has-image\">\n\t\t\t\n\t\t\t<div class=\"team-image\">\n\t\t\t\t<img src=\"https:\/\/torcalpower.com\/web3\/wp-content\/uploads\/2018\/04\/Combustible_PIUSI.jpg\" alt=\"PIUSI\" \/>\n\t\t\t<\/div>\n\t\t\t\t\t\n\t\t\t<div class=\"team-info\">\t\n\t\t\t\t<h3 class=\"team-name\">PIUSI<\/h3>\t\t\t\n\t\t\t\t<div class=\"team-desc\"><\/p>\n<p data-start=\"153\" data-end=\"303\"><strong data-start=\"153\" data-end=\"211\">Somos representantes de PIUSI-USA en Ecuador<\/strong>, una empresa especializada en soluciones avanzadas para el <strong data-start=\"271\" data-end=\"302\">manejo y control de fluidos<\/strong>.<\/p>\n<p data-start=\"305\" data-end=\"353\">Ofrecemos un <strong data-start=\"318\" data-end=\"339\">servicio integral<\/strong> que abarca:<\/p>\n<ul data-start=\"354\" data-end=\"513\">\n<li data-start=\"354\" data-end=\"393\">\n<p data-start=\"356\" data-end=\"393\"><strong data-start=\"356\" data-end=\"391\">Dise\u00f1o y ejecuci\u00f3n de proyectos.<\/strong><\/p>\n<\/li>\n<li data-start=\"394\" data-end=\"438\">\n<p data-start=\"396\" data-end=\"438\"><strong data-start=\"396\" data-end=\"436\">Suministro de equipos especializados.<\/strong><\/p>\n<\/li>\n<li data-start=\"439\" data-end=\"477\">\n<p data-start=\"441\" data-end=\"477\"><strong data-start=\"441\" data-end=\"475\">Instalaci\u00f3n y puesta en marcha.<\/strong><\/p>\n<\/li>\n<li data-start=\"478\" data-end=\"513\">\n<p data-start=\"480\" data-end=\"513\"><strong data-start=\"480\" data-end=\"513\">Soporte t\u00e9cnico especializado.<\/strong><\/p>\n<\/li>\n<\/ul>\n<p data-start=\"515\" data-end=\"620\">Contamos con s\u00f3lida experiencia en sistemas de <strong data-start=\"562\" data-end=\"599\">manejo y trasvase de combustibles<\/strong>, especialmente en:<\/p>\n<ul data-start=\"621\" data-end=\"737\">\n<li data-start=\"621\" data-end=\"672\">\n<p data-start=\"623\" data-end=\"672\"><strong data-start=\"623\" data-end=\"670\">Centrales de generaci\u00f3n el\u00e9ctrica en tierra.<\/strong><\/p>\n<\/li>\n<li data-start=\"673\" data-end=\"737\">\n<p data-start=\"675\" data-end=\"737\"><strong data-start=\"675\" data-end=\"737\">Sistemas de Recibo, Almacenamiento, Tratamiento, trasvase de combustible entre tanque principales y tanques Sub-Base de generadores el\u00e9ctricos.<\/strong><\/p>\n<\/li>\n<\/ul>\n<p data-start=\"739\" data-end=\"939\">Trabajamos con <strong data-start=\"754\" data-end=\"785\">tecnolog\u00eda de clase mundial<\/strong>, respaldada por <strong data-start=\"802\" data-end=\"815\">PIUSI-USA<\/strong>, l\u00edder internacional en soluciones para <strong data-start=\"856\" data-end=\"938\">medici\u00f3n y transferencia de combustibles, aceites.<\/strong><\/div>\n\t\t\t\t\n\t\t\t\t\n\t\t\t<p class=\"box-readmore\">\n\t\t\t\t<a href=\"http:\/\/torcalpower.com\/web3\/pdf\/SistemaCombustible\/PIUSI-C011B-ESR-2017.pdf\">Descargar PDF<\/a>\n\t\t\t<\/p>\n\t\t\t<\/div>\n\t\t<\/div>\n\t\n\t\t<div class=\"flat-team  has-image\">\n\t\t\t\n\t\t\t<div class=\"team-image\">\n\t\t\t\t<img src=\"https:\/\/torcalpower.com\/web3\/wp-content\/uploads\/2018\/04\/Combustible_SeparFilter.jpg\" alt=\"SEPAR FILTER\" \/>\n\t\t\t<\/div>\n\t\t\t\t\t\n\t\t\t<div class=\"team-info\">\t\n\t\t\t\t<h3 class=\"team-name\">SEPAR FILTER<\/h3>\t\t\t\n\t\t\t\t<div class=\"team-desc\"><\/p>\n<p data-start=\"153\" data-end=\"303\"><strong data-start=\"153\" data-end=\"211\">Somos representantes de SEPAR Filters-USA en Ecuador<\/strong>, una empresa especializada en soluciones avanzadas para el <strong data-start=\"271\" data-end=\"302\">manejo y filtrado de fluidos<\/strong>.<\/p>\n<p data-start=\"305\" data-end=\"353\">Ofrecemos un <strong data-start=\"318\" data-end=\"339\">servicio integral<\/strong> que abarca:<\/p>\n<ul data-start=\"354\" data-end=\"513\">\n<li data-start=\"354\" data-end=\"393\">\n<p data-start=\"356\" data-end=\"393\"><strong data-start=\"356\" data-end=\"391\">Dise\u00f1o y ejecuci\u00f3n de proyectos.<\/strong><\/p>\n<\/li>\n<li data-start=\"394\" data-end=\"438\">\n<p data-start=\"396\" data-end=\"438\"><strong data-start=\"396\" data-end=\"436\">Suministro de equipos especializados.<\/strong><\/p>\n<\/li>\n<li data-start=\"439\" data-end=\"477\">\n<p data-start=\"441\" data-end=\"477\"><strong data-start=\"441\" data-end=\"475\">Instalaci\u00f3n y puesta en marcha.<\/strong><\/p>\n<\/li>\n<li data-start=\"478\" data-end=\"513\">\n<p data-start=\"480\" data-end=\"513\"><strong data-start=\"480\" data-end=\"513\">Soporte t\u00e9cnico especializado.<\/strong><\/p>\n<\/li>\n<li data-start=\"478\" data-end=\"513\">Venta de Repuestos y Accesorios.<\/li>\n<\/ul>\n<p data-start=\"515\" data-end=\"620\">Contamos con s\u00f3lida experiencia en sistemas de filtracion de combustible para <strong data-start=\"562\" data-end=\"599\">manejo y trasvase de combustibles<\/strong>, especialmente en:<\/p>\n<ul data-start=\"621\" data-end=\"737\">\n<li data-start=\"621\" data-end=\"672\">\n<p data-start=\"623\" data-end=\"672\"><strong data-start=\"623\" data-end=\"670\">Centrales de generaci\u00f3n el\u00e9ctrica en tierra.<\/strong><\/p>\n<\/li>\n<li data-start=\"673\" data-end=\"737\">\n<p data-start=\"675\" data-end=\"737\"><strong data-start=\"675\" data-end=\"737\">Sistemas de respaldo energ\u00e9tico con generadores el\u00e9ctricos.<\/strong><\/p>\n<\/li>\n<\/ul>\n<p data-start=\"739\" data-end=\"939\">Trabajamos con <strong data-start=\"754\" data-end=\"785\">tecnolog\u00eda de clase mundial<\/strong>, respaldada por SEPAR Filter<strong data-start=\"802\" data-end=\"815\">-USA<\/strong>, l\u00edder internacional en soluciones para Filtracion, Acondicionamiento<strong data-start=\"856\" data-end=\"938\"> y transferencia de combustibles<\/strong>.<\/div>\n\t\t\t\t\n\t\t\t\t\n\t\t\t<p class=\"box-readmore\">\n\t\t\t\t<a href=\"http:\/\/torcalpower.com\/web3\/pdf\/SistemaCombustible\/Separ-Filter.pdf\">Descargar PDF<\/a>\n\t\t\t<\/p>\n\t\t\t<\/div>\n\t\t<\/div>\n\t\n\t\t<div class=\"flat-team  has-image\">\n\t\t\t\n\t\t\t<div class=\"team-image\">\n\t\t\t\t<img src=\"https:\/\/torcalpower.com\/web3\/wp-content\/uploads\/2018\/04\/Combustible_TorcalPower.jpg\" alt=\"Sistemas Normalizados de combustible para Grupos Electrogenos.\" \/>\n\t\t\t<\/div>\n\t\t\t\t\t\n\t\t\t<div class=\"team-info\">\t\n\t\t\t\t<h3 class=\"team-name\">Sistemas Normalizados de combustible para Grupos Electrogenos.<\/h3>\t\t\t\n\t\t\t\t<div class=\"team-desc\"><\/div>\n\t\t\t\t\n\t\t\t\t\n\t\t\t<\/div>\n\t\t<\/div>\n\t[\/vc_column][\/vc_row]<strong data-start=\"99\" data-end=\"190\">Dise\u00f1amos, fabricamos, instalamos y ponemos en marcha sistemas completos de combustible<\/strong>, que abarcan desde el p\u00f3rtico de recibo hasta el almacenamiento, tratamiento y trasvase autom\u00e1tico entre tanques.<\/p>\n<p data-start=\"739\" data-end=\"939\">Nuestros sistemas se integran directamente con los controladores de los grupos electr\u00f3genos o con sistemas de control aut\u00f3nomos, asegurando la disponibilidad continua y confiable de la generaci\u00f3n el\u00e9ctrica.<\/p>\n<p data-start=\"739\" data-end=\"939\"><strong data-start=\"513\" data-end=\"576\">Construimos e instalamos conforme a las normativas vigentes<\/strong>, tales como NFPA, EGSA, INEN y las recomendaciones espec\u00edficas de los fabricantes de grupos electr\u00f3genos.<\/p>\n<p data-start=\"739\" data-end=\"939\">Trabajamos exclusivamente con las <strong data-start=\"717\" data-end=\"759\">mejores marcas de equipos y accesorios<\/strong> dise\u00f1ados para operar de manera segura y eficiente en sistemas de combustible di\u00e9sel.<\/p>\n","protected":false},"excerpt":{"rendered":"<p>[vc_row parallax_speed=&#8221;4&#8243; parallax_x=&#8221;4&#8243; parallax_y=&#8221;4&#8243; css=&#8221;.vc_custom_1489141509910{padding-bottom: 50px !important;}&#8221;][vc_column][\/vc_column][\/vc_row]Dise\u00f1amos, fabricamos, instalamos y ponemos en marcha sistemas completos de combustible, que abarcan desde el p\u00f3rtico de recibo hasta el almacenamiento, tratamiento y trasvase autom\u00e1tico entre tanques. Nuestros sistemas se integran directamente con los controladores de los grupos electr\u00f3genos o con sistemas de control aut\u00f3nomos, [&hellip;]<\/p>\n","protected":false},"author":1,"featured_media":0,"parent":515,"menu_order":0,"comment_status":"closed","ping_status":"closed","template":"tpl\/page_single.php","meta":{"_exactmetrics_skip_tracking":false,"_exactmetrics_sitenote_active":false,"_exactmetrics_sitenote_note":"","_exactmetrics_sitenote_category":0},"_links":{"self":[{"href":"https:\/\/torcalpower.com\/web3\/wp-json\/wp\/v2\/pages\/1728"}],"collection":[{"href":"https:\/\/torcalpower.com\/web3\/wp-json\/wp\/v2\/pages"}],"about":[{"href":"https:\/\/torcalpower.com\/web3\/wp-json\/wp\/v2\/types\/page"}],"author":[{"embeddable":true,"href":"https:\/\/torcalpower.com\/web3\/wp-json\/wp\/v2\/users\/1"}],"replies":[{"embeddable":true,"href":"https:\/\/torcalpower.com\/web3\/wp-json\/wp\/v2\/comments?post=1728"}],"version-history":[{"count":20,"href":"https:\/\/torcalpower.com\/web3\/wp-json\/wp\/v2\/pages\/1728\/revisions"}],"predecessor-version":[{"id":2268,"href":"https:\/\/torcalpower.com\/web3\/wp-json\/wp\/v2\/pages\/1728\/revisions\/2268"}],"up":[{"embeddable":true,"href":"https:\/\/torcalpower.com\/web3\/wp-json\/wp\/v2\/pages\/515"}],"wp:attachment":[{"href":"https:\/\/torcalpower.com\/web3\/wp-json\/wp\/v2\/media?parent=1728"}],"curies":[{"name":"wp","href":"https:\/\/api.w.org\/{rel}","templated":true}]}}