{"id":1726,"date":"2018-04-09T04:46:31","date_gmt":"2018-04-09T04:46:31","guid":{"rendered":"http:\/\/torcalpower.com\/web3\/?page_id=1726"},"modified":"2025-06-22T20:24:08","modified_gmt":"2025-06-22T20:24:08","slug":"our-team-2","status":"publish","type":"page","link":"https:\/\/torcalpower.com\/web3\/productos\/our-team-2\/","title":{"rendered":"Medici\u00f3n El\u00e9ctrica"},"content":{"rendered":"<p>[vc_row parallax_speed=&#8221;4&#8243; parallax_x=&#8221;4&#8243; parallax_y=&#8221;4&#8243; css=&#8221;.vc_custom_1489141509910{padding-bottom: 50px !important;}&#8221;][vc_column]\n\t\t<div class=\"flat-team  has-image\">\n\t\t\t\n\t\t\t<div class=\"team-image\">\n\t\t\t\t<img src=\"https:\/\/torcalpower.com\/web3\/wp-content\/uploads\/2018\/04\/Medicion_Satec-1.jpg\" alt=\"Satec\" \/>\n\t\t\t<\/div>\n\t\t\t\t\t\n\t\t\t<div class=\"team-info\">\t\n\t\t\t\t<h3 class=\"team-name\">Satec<\/h3>\t\t\t\n\t\t\t\t<div class=\"team-desc\"><strong data-start=\"149\" data-end=\"200\">Somos representantes de SATEC-Global en Ecuador<\/strong>, una empresa especializada en soluciones avanzadas para <strong data-start=\"257\" data-end=\"279\">medici\u00f3n el\u00e9ctrica<\/strong>.<\/p>\n<p data-start=\"282\" data-end=\"327\">Ofrecemos un servicio integral que incluye:<\/p>\n<ul data-start=\"328\" data-end=\"508\">\n<li data-start=\"328\" data-end=\"367\">\n<p data-start=\"330\" data-end=\"367\"><strong data-start=\"330\" data-end=\"365\">Dise\u00f1o y ejecuci\u00f3n de proyectos<\/strong><\/p>\n<\/li>\n<li data-start=\"368\" data-end=\"397\">\n<p data-start=\"370\" data-end=\"397\"><strong data-start=\"370\" data-end=\"395\">Suministro de equipos<\/strong><\/p>\n<\/li>\n<li data-start=\"398\" data-end=\"436\">\n<p data-start=\"400\" data-end=\"436\"><strong data-start=\"400\" data-end=\"434\">Instalaci\u00f3n y puesta en marcha<\/strong><\/p>\n<\/li>\n<li data-start=\"437\" data-end=\"474\">\n<p data-start=\"439\" data-end=\"474\"><strong data-start=\"439\" data-end=\"472\">Soporte t\u00e9cnico especializado<\/strong><\/p>\n<\/li>\n<li data-start=\"475\" data-end=\"508\">\n<p data-start=\"477\" data-end=\"508\"><strong data-start=\"477\" data-end=\"508\">Garant\u00eda oficial de f\u00e1brica<\/strong><\/p>\n<\/li>\n<\/ul>\n<p data-start=\"510\" data-end=\"712\">Contamos con experiencia en el sector el\u00e9ctrico ecuatoriano y trabajamos con tecnolog\u00eda de clase mundial, respaldada por SATEC-Global, l\u00edder internacional en sistemas de monitoreo y an\u00e1lisis de energ\u00eda.<\/div>\n\t\t\t\t\n\t\t\t\t\n\t\t\t<p class=\"box-readmore\">\n\t\t\t\t<a href=\"http:\/\/torcalpower.com\/web3\/pdf\/medicion\/SATEC-Catalog-2017.pdf\">Descargar PDF<\/a>\n\t\t\t<\/p>\n\t\t\t<\/div>\n\t\t<\/div>\n\t[\/vc_column][\/vc_row]<\/p>\n","protected":false},"excerpt":{"rendered":"<p>[vc_row parallax_speed=&#8221;4&#8243; parallax_x=&#8221;4&#8243; parallax_y=&#8221;4&#8243; css=&#8221;.vc_custom_1489141509910{padding-bottom: 50px !important;}&#8221;][vc_column][\/vc_column][\/vc_row]<\/p>\n","protected":false},"author":1,"featured_media":0,"parent":515,"menu_order":0,"comment_status":"closed","ping_status":"closed","template":"tpl\/page_single.php","meta":{"_exactmetrics_skip_tracking":false,"_exactmetrics_sitenote_active":false,"_exactmetrics_sitenote_note":"","_exactmetrics_sitenote_category":0},"_links":{"self":[{"href":"https:\/\/torcalpower.com\/web3\/wp-json\/wp\/v2\/pages\/1726"}],"collection":[{"href":"https:\/\/torcalpower.com\/web3\/wp-json\/wp\/v2\/pages"}],"about":[{"href":"https:\/\/torcalpower.com\/web3\/wp-json\/wp\/v2\/types\/page"}],"author":[{"embeddable":true,"href":"https:\/\/torcalpower.com\/web3\/wp-json\/wp\/v2\/users\/1"}],"replies":[{"embeddable":true,"href":"https:\/\/torcalpower.com\/web3\/wp-json\/wp\/v2\/comments?post=1726"}],"version-history":[{"count":5,"href":"https:\/\/torcalpower.com\/web3\/wp-json\/wp\/v2\/pages\/1726\/revisions"}],"predecessor-version":[{"id":2227,"href":"https:\/\/torcalpower.com\/web3\/wp-json\/wp\/v2\/pages\/1726\/revisions\/2227"}],"up":[{"embeddable":true,"href":"https:\/\/torcalpower.com\/web3\/wp-json\/wp\/v2\/pages\/515"}],"wp:attachment":[{"href":"https:\/\/torcalpower.com\/web3\/wp-json\/wp\/v2\/media?parent=1726"}],"curies":[{"name":"wp","href":"https:\/\/api.w.org\/{rel}","templated":true}]}}