{"id":1392,"date":"2017-03-11T09:00:02","date_gmt":"2017-03-11T09:00:02","guid":{"rendered":"http:http:\/\/torcalpower.com\/web3\/http:\/\/torcalpower.com\/web3\/localhosthttp:\/\/torcalpower.com\/web3\/financehttp:\/\/torcalpower.com\/web3\/?page_id=1392"},"modified":"2025-06-24T07:09:24","modified_gmt":"2025-06-24T07:09:24","slug":"transparent-header","status":"publish","type":"page","link":"https:\/\/torcalpower.com\/web3\/","title":{"rendered":"Home Torcal Power"},"content":{"rendered":"<p>[vc_row full_width=&#8221;stretch_row_content_no_spaces&#8221; parallax_speed=&#8221;4&#8243; parallax_x=&#8221;4&#8243; parallax_y=&#8221;4&#8243;][vc_column][rev_slider_vc alias=&#8221;slide-home&#8221;][\/vc_column][\/vc_row][vc_row full_width=&#8221;stretch_row&#8221; parallax_speed=&#8221;4&#8243; parallax_x=&#8221;4&#8243; parallax_y=&#8221;4&#8243; css=&#8221;.vc_custom_1484559993316{padding-top: 60px !important;padding-bottom: 60px !important;}&#8221;][vc_column width=&#8221;1\/3&#8243;]\t\n\t<div class=\"flat-imagebox  \">\n\t\t<div class=\"flat-imagebox-inner\">\n\t\t\t\t\t\t\t<div class=\"flat-imagebox-image\">\n\t\t\t\t\t<img width=\"370\" height=\"448\" src=\"https:\/\/torcalpower.com\/web3\/wp-content\/uploads\/2018\/03\/cms_1_1.png\" class=\"attachment-full\" alt=\"\" decoding=\"async\" loading=\"lazy\" srcset=\"https:\/\/torcalpower.com\/web3\/wp-content\/uploads\/2018\/03\/cms_1_1.png 370w, https:\/\/torcalpower.com\/web3\/wp-content\/uploads\/2018\/03\/cms_1_1-248x300.png 248w\" sizes=\"(max-width: 370px) 100vw, 370px\" \/>\t\t\t\t<\/div>\n\n\t\t\t\n\t\t\t<div class=\"flat-imagebox-header\">\n\t\t\t\t<h3 class=\"flat-imagebox-title\">\n\t\t\t\t\t<a href=\"http:\/\/torcalpower.com\/web3\/services\/?customize_changeset_uuid=38d629bd-6998-4919-9b47-7846464be292&#038;customize_autosaved=on\" target=\"_blank\">\n\t\t\t\t\t\tNuestros Servicios\t\t\t\t\t<\/a>\t\n\t\t\t\t<\/h3>\n\n\t\t\t\t\t\t\t<\/div>\n\n\t\t\t<div class=\"flat-imagebox-content\">\n\t\t\t\t\t\t\t\t\t<div class=\"flat-imagebox-desc\">\n\t\t\t\t\t\tTorcal Power se ha comprometido con la excelencia en nuestro departamento de post-venta ofreciendo un servicio completo con t\u00e9cnicos certificados por f\u00e1brica. Estamos disponibles para las solicitudes de servicio est\u00e1ndar y de emergencia.\t\t\t\t\t<\/div>\n\t\t\t\t\t\t\t\t\n\t\t\t\t\t\t\t\t\t\n\t\t\t\t\t<div class=\"flat-imagebox-button\">\n\t\t\t\t\t\t<a href=\"http:\/\/torcalpower.com\/web3\/services\/?customize_changeset_uuid=38d629bd-6998-4919-9b47-7846464be292&#038;customize_autosaved=on\" target=\"_blank\">\n\t\t\t\t\t\t\tLeer m\u00e1s\t\t\t\t\t\t<\/a>\n\t\t\t\t\t<\/div>\n\n\t\t\t\t\t\t\t<\/div>\n\t\t<\/div>\n\t<\/div>\t\n[\/vc_column][vc_column width=&#8221;1\/3&#8243;]\t\n\t<div class=\"flat-imagebox  \">\n\t\t<div class=\"flat-imagebox-inner\">\n\t\t\t\t\t\t\t<div class=\"flat-imagebox-image\">\n\t\t\t\t\t<img width=\"370\" height=\"448\" src=\"https:\/\/torcalpower.com\/web3\/wp-content\/uploads\/2018\/03\/cms_1.2.png\" class=\"attachment-full\" alt=\"\" decoding=\"async\" loading=\"lazy\" srcset=\"https:\/\/torcalpower.com\/web3\/wp-content\/uploads\/2018\/03\/cms_1.2.png 370w, https:\/\/torcalpower.com\/web3\/wp-content\/uploads\/2018\/03\/cms_1.2-248x300.png 248w\" sizes=\"(max-width: 370px) 100vw, 370px\" \/>\t\t\t\t<\/div>\n\n\t\t\t\n\t\t\t<div class=\"flat-imagebox-header\">\n\t\t\t\t<h3 class=\"flat-imagebox-title\">\n\t\t\t\t\t<a href=\"http:\/\/torcalpower.com\/web3\/productos\/?customize_changeset_uuid=38d629bd-6998-4919-9b47-7846464be292&#038;customize_autosaved=on\" target=\"_blank\">\n\t\t\t\t\t\tCat\u00e1logo de productos\t\t\t\t\t<\/a>\t\n\t\t\t\t<\/h3>\n\n\t\t\t\t\t\t\t<\/div>\n\n\t\t\t<div class=\"flat-imagebox-content\">\n\t\t\t\t\t\t\t\t\t<div class=\"flat-imagebox-desc\">\n\t\t\t\t\t\t\n\nApreciado cliente, en Torcal Power distribuimos la l\u00ednea de grupos electr\u00f3genos y sistemas asociados de las marcas REHLKO (Kohler, Kohler SDMO), Kohler Marine, Mecc Alte, SATEC, Piusi, Separ Filters, Comsys, PowerWay, SolarCleano, MTS Power Products y muchas m\u00e1s. Trabajamos con est\u00e1ndares a nivel internacional.\n\n\t\t\t\t\t<\/div>\n\t\t\t\t\t\t\t\t\n\t\t\t\t\t\t\t\t\t\n\t\t\t\t\t<div class=\"flat-imagebox-button\">\n\t\t\t\t\t\t<a href=\"http:\/\/torcalpower.com\/web3\/productos\/?customize_changeset_uuid=38d629bd-6998-4919-9b47-7846464be292&#038;customize_autosaved=on\" target=\"_blank\">\n\t\t\t\t\t\t\tLeer m\u00e1s\t\t\t\t\t\t<\/a>\n\t\t\t\t\t<\/div>\n\n\t\t\t\t\t\t\t<\/div>\n\t\t<\/div>\n\t<\/div>\t\n[\/vc_column][vc_column width=&#8221;1\/3&#8243;]\t\n\t<div class=\"flat-imagebox  \">\n\t\t<div class=\"flat-imagebox-inner\">\n\t\t\t\t\t\t\t<div class=\"flat-imagebox-image\">\n\t\t\t\t\t<img width=\"370\" height=\"448\" src=\"https:\/\/torcalpower.com\/web3\/wp-content\/uploads\/2018\/03\/cms_1.3.png\" class=\"attachment-full\" alt=\"\" decoding=\"async\" loading=\"lazy\" srcset=\"https:\/\/torcalpower.com\/web3\/wp-content\/uploads\/2018\/03\/cms_1.3.png 370w, https:\/\/torcalpower.com\/web3\/wp-content\/uploads\/2018\/03\/cms_1.3-248x300.png 248w\" sizes=\"(max-width: 370px) 100vw, 370px\" \/>\t\t\t\t<\/div>\n\n\t\t\t\n\t\t\t<div class=\"flat-imagebox-header\">\n\t\t\t\t<h3 class=\"flat-imagebox-title\">\n\t\t\t\t\t<a href=\"http:\/\/torcalpower.com\/web3\/contact\/?customize_changeset_uuid=38d629bd-6998-4919-9b47-7846464be292&#038;customize_autosaved=on\" target=\"_blank\">\n\t\t\t\t\t\tCon\u00f3cenos\t\t\t\t\t<\/a>\t\n\t\t\t\t<\/h3>\n\n\t\t\t\t\t\t\t<\/div>\n\n\t\t\t<div class=\"flat-imagebox-content\">\n\t\t\t\t\t\t\t\t\t<div class=\"flat-imagebox-desc\">\n\t\t\t\t\t\tTe invitamos a contactarnos con nosotros, estamos listos para servirte con cualquier inquietud.\t\t\t\t\t<\/div>\n\t\t\t\t\t\t\t\t\n\t\t\t\t\t\t\t\t\t\n\t\t\t\t\t<div class=\"flat-imagebox-button\">\n\t\t\t\t\t\t<a href=\"http:\/\/torcalpower.com\/web3\/contact\/?customize_changeset_uuid=38d629bd-6998-4919-9b47-7846464be292&#038;customize_autosaved=on\" target=\"_blank\">\n\t\t\t\t\t\t\tLeer m\u00e1s\t\t\t\t\t\t<\/a>\n\t\t\t\t\t<\/div>\n\n\t\t\t\t\t\t\t<\/div>\n\t\t<\/div>\n\t<\/div>\t\n[\/vc_column][\/vc_row][vc_row full_width=&#8221;stretch_row&#8221; parallax_speed=&#8221;4&#8243; parallax_x=&#8221;4&#8243; parallax_y=&#8221;4&#8243; css=&#8221;.vc_custom_1489131198205{padding-top: 100px !important;padding-bottom: 76px !important;background-color: #f7f7f7 !important;}&#8221;][vc_column][vc_row_inner][vc_column_inner]<div class=\"title-section  style1\">\n\t\t<h1 class=\"title\">\n\t\t\tNuestros Servicios\t\t\t\n\t\t<\/h1>\t\t\n\t\t\n\n\t<\/div>[vc_empty_space height=&#8221;20px&#8221;][\/vc_column_inner][\/vc_row_inner][vc_row_inner][vc_column_inner width=&#8221;1\/3&#8243;]<div class=\"flat-iconbox iconbox-style1 left rounded\">\n\t\t<div class=\"flat-iconbox-header\">\n\t\t\t<div class=\"flat-iconbox-icon\"><span class=\"vc-oi vc-oi-cog\"><\/span><\/div>\n\t\t\t<h4 class=\"flat-iconbox-title\">Asesor\u00eda<\/h4>\n\t\t\t\n\t\t<\/div>\n\t\t<div class=\"flat-iconbox-content\">\n\t\t\tBrindamos asesor\u00eda permanente a sus proyectos de ingenier\u00eda, desde la planificaci\u00f3n hasta su puesta marcha.\n\t\t\t\n\t\t<\/div>\n\t<\/div>[vc_empty_space height=&#8221;70px&#8221;]<div class=\"flat-iconbox iconbox-style1 left rounded\">\n\t\t<div class=\"flat-iconbox-header\">\n\t\t\t<div class=\"flat-iconbox-icon\"><span class=\"entypo-icon entypo-icon-rocket\"><\/span><\/div>\n\t\t\t<h4 class=\"flat-iconbox-title\">Emergencia T\u00e9cnica<\/h4>\n\t\t\t\n\t\t<\/div>\n\t\t<div class=\"flat-iconbox-content\">\n\t\t\tEntendemos las necesidades de nuestros m\u00e1s exigentes clientes, por lo que decidimos atenderlos las 24 horas del d\u00eda los 7 d\u00edas de la semana, debido a que sus procesos son nuestra prioridad.\n\t\t\t\n\t\t<\/div>\n\t<\/div>[\/vc_column_inner][vc_column_inner width=&#8221;1\/3&#8243;]<div class=\"flat-iconbox iconbox-style1 left rounded\">\n\t\t<div class=\"flat-iconbox-header\">\n\t\t\t<div class=\"flat-iconbox-icon\"><span class=\"entypo-icon entypo-icon-database\"><\/span><\/div>\n\t\t\t<h4 class=\"flat-iconbox-title\">Instalaci\u00f3n<\/h4>\n\t\t\t\n\t\t<\/div>\n\t\t<div class=\"flat-iconbox-content\">\n\t\t\tTe invitamos a conocer los grandes desafios de ingenier\u00eda que hemos realizado junto a nuestros cuerpos de ingenieros en Francia y Estados Unidos.\n\t\t\t\n\t\t<\/div>\n\t<\/div>[vc_empty_space height=&#8221;70px&#8221;]<div class=\"flat-iconbox iconbox-style1 left rounded\">\n\t\t<div class=\"flat-iconbox-header\">\n\t\t\t<div class=\"flat-iconbox-icon\"><span class=\"ion-ios-contact-outline\"><\/span><\/div>\n\t\t\t<h4 class=\"flat-iconbox-title\">Capacitaciones<\/h4>\n\t\t\t\n\t\t<\/div>\n\t\t<div class=\"flat-iconbox-content\">\n\t\t\tBrindamos capacitaciones en la administraci\u00f3n de los proyectos de ingenier\u00eda, para su sostenibilidad y autonom\u00eda\n\t\t\t\n\t\t<\/div>\n\t<\/div>[\/vc_column_inner][vc_column_inner width=&#8221;1\/3&#8243;]<div class=\"flat-iconbox iconbox-style1 left rounded\">\n\t\t<div class=\"flat-iconbox-header\">\n\t\t\t<div class=\"flat-iconbox-icon\"><span class=\"ion-pull-request\"><\/span><\/div>\n\t\t\t<h4 class=\"flat-iconbox-title\">Mantenimiento<\/h4>\n\t\t\t\n\t\t<\/div>\n\t\t<div class=\"flat-iconbox-content\">\n\t\t\tBrindamos atenci\u00f3n peri\u00f3dica a sus equipos industriales, para que usted est\u00e9 tranquilo con su producci\u00f3n y sus equipos.\n\t\t\t\n\t\t<\/div>\n\t<\/div>[vc_empty_space height=&#8221;70px&#8221;]<div class=\"flat-iconbox iconbox-style1 left rounded\">\n\t\t<div class=\"flat-iconbox-header\">\n\t\t\t<div class=\"flat-iconbox-icon\"><span class=\"entypo-icon entypo-icon-export\"><\/span><\/div>\n\t\t\t<h4 class=\"flat-iconbox-title\">Ventas<\/h4>\n\t\t\t\n\t\t<\/div>\n\t\t<div class=\"flat-iconbox-content\">\n\t\t\tTe invitamos a conocer las grandes marcas que ofrecemos para las distintas soluciones en procesos de ingenier\u00eda\n\t\t\t\n\t\t<\/div>\n\t<\/div>[\/vc_column_inner][\/vc_row_inner][\/vc_column][\/vc_row][vc_row][vc_column][vc_empty_space][vc_separator][vc_empty_space][vc_column_text]<\/p>\n<h3>KD Series K135<\/h3>\n<p>[\/vc_column_text][\/vc_column][\/vc_row][vc_row][vc_column width=&#8221;1\/3&#8243;][vc_single_image image=&#8221;2137&#8243; img_size=&#8221;full&#8221;][\/vc_column][vc_column width=&#8221;1\/3&#8243;][vc_single_image image=&#8221;2138&#8243; img_size=&#8221;full&#8221;][\/vc_column][vc_column width=&#8221;1\/3&#8243;][vc_single_image image=&#8221;2139&#8243; img_size=&#8221;full&#8221;][\/vc_column][\/vc_row][vc_row][vc_column][vc_column_text]<\/p>\n<h3>KD Series K175<\/h3>\n<p>[\/vc_column_text][\/vc_column][\/vc_row][vc_row][vc_column width=&#8221;1\/3&#8243;][vc_single_image image=&#8221;2142&#8243; img_size=&#8221;full&#8221;][\/vc_column][vc_column width=&#8221;1\/3&#8243;][vc_single_image image=&#8221;2143&#8243; img_size=&#8221;full&#8221;][\/vc_column][vc_column width=&#8221;1\/3&#8243;][vc_single_image image=&#8221;2144&#8243; img_size=&#8221;full&#8221;][\/vc_column][\/vc_row][vc_row full_width=&#8221;stretch_row_content_no_spaces&#8221;][vc_column][vc_empty_space][vc_separator][vc_empty_space][vc_images_carousel images=&#8221;1912,1658,1661,1663,1707,1686,1665,1929,1908,1918,1709,1904,1697,1694,1689,1680,1667&#8243; img_size=&#8221;full&#8221; slides_per_view=&#8221;10&#8243; autoplay=&#8221;yes&#8221; hide_pagination_control=&#8221;yes&#8221; partial_view=&#8221;yes&#8221; wrap=&#8221;yes&#8221; css_animation=&#8221;fadeInDown&#8221;][vc_empty_space][vc_separator][vc_empty_space][vc_single_image image=&#8221;2153&#8243; img_size=&#8221;full&#8221;][\/vc_column][\/vc_row][vc_row full_width=&#8221;stretch_row&#8221; parallax_speed=&#8221;4&#8243; parallax_x=&#8221;4&#8243; parallax_y=&#8221;4&#8243; css=&#8221;.vc_custom_1489117852348{padding-top: 85px !important;padding-bottom: 40px !important;background-color: #2e363a !important;}&#8221;][vc_column width=&#8221;4\/12&#8243;][vc_column_text el_class=&#8221;text-block-callback&#8221;]<\/p>\n<h2>NOSOTROS TE LLAMAMOS<\/h2>\n<div class=\"wpb_text_column wpb_content_element \">\u00a0Si necesita hablar con nosotros sobre una consulta general, complete el siguiente formulario y le devolveremos la llamada dentro del mismo d\u00eda h\u00e1bil.<\/div>\n<p>[\/vc_column_text][\/vc_column][vc_column width=&#8221;8\/12&#8243; el_class=&#8221;call-back-form&#8221;]<div role=\"form\" class=\"wpcf7\" id=\"wpcf7-f328-o1\" lang=\"en-US\" dir=\"ltr\">\n<div class=\"screen-reader-response\"><\/div>\n<form action=\"\/web3\/wp-json\/wp\/v2\/pages\/1392#wpcf7-f328-o1\" method=\"post\" class=\"wpcf7-form\" novalidate=\"novalidate\">\n<div style=\"display: none;\">\n<input type=\"hidden\" name=\"_wpcf7\" value=\"328\" \/>\n<input type=\"hidden\" name=\"_wpcf7_version\" value=\"5.0.1\" \/>\n<input type=\"hidden\" name=\"_wpcf7_locale\" value=\"en_US\" \/>\n<input type=\"hidden\" name=\"_wpcf7_unit_tag\" value=\"wpcf7-f328-o1\" \/>\n<input type=\"hidden\" name=\"_wpcf7_container_post\" value=\"0\" \/>\n<\/div>\n<div class=\"flat-wrap-field clearfix\">\n<div class=\"flat-one-half\">\n<span class=\"wpcf7-form-control-wrap your-name\"><input type=\"text\" name=\"your-name\" value=\"\" size=\"40\" class=\"wpcf7-form-control wpcf7-text wpcf7-validates-as-required\" aria-required=\"true\" aria-invalid=\"false\" placeholder=\"Name\" \/><\/span><br \/>\n<span class=\"wpcf7-form-control-wrap your-email\"><input type=\"email\" name=\"your-email\" value=\"\" size=\"40\" class=\"wpcf7-form-control wpcf7-text wpcf7-email wpcf7-validates-as-required wpcf7-validates-as-email\" aria-required=\"true\" aria-invalid=\"false\" placeholder=\"Email\" \/><\/span><br \/>\n<span class=\"wpcf7-form-control-wrap your-subject\"><input type=\"text\" name=\"your-subject\" value=\"\" size=\"40\" class=\"wpcf7-form-control wpcf7-text wpcf7-validates-as-required\" aria-required=\"true\" aria-invalid=\"false\" placeholder=\"Subject\" \/><\/span><br \/>\n<input type=\"submit\" value=\"Send Message\" class=\"wpcf7-form-control wpcf7-submit\" \/>\n<\/div>\n<div class=\"flat-one-half\">\n<span class=\"wpcf7-form-control-wrap your-message\"><textarea name=\"your-message\" cols=\"40\" rows=\"10\" class=\"wpcf7-form-control wpcf7-textarea\" aria-invalid=\"false\" placeholder=\"Message\"><\/textarea><\/span>\n<\/div>\n<\/div>\n<p style=\"display: none !important;\" class=\"akismet-fields-container\" data-prefix=\"_wpcf7_ak_\"><label>&#916;<textarea name=\"_wpcf7_ak_hp_textarea\" cols=\"45\" rows=\"8\" maxlength=\"100\"><\/textarea><\/label><input type=\"hidden\" id=\"ak_js_1\" name=\"_wpcf7_ak_js\" value=\"29\"\/><script>document.getElementById( \"ak_js_1\" ).setAttribute( \"value\", ( new Date() ).getTime() );<\/script><\/p><div class=\"wpcf7-response-output wpcf7-display-none\"><\/div><\/form><\/div>[\/vc_column][\/vc_row]<\/p>\n","protected":false},"excerpt":{"rendered":"<p>[vc_row full_width=&#8221;stretch_row_content_no_spaces&#8221; parallax_speed=&#8221;4&#8243; parallax_x=&#8221;4&#8243; parallax_y=&#8221;4&#8243;][vc_column][rev_slider_vc alias=&#8221;slide-home&#8221;][\/vc_column][\/vc_row][vc_row full_width=&#8221;stretch_row&#8221; parallax_speed=&#8221;4&#8243; parallax_x=&#8221;4&#8243; parallax_y=&#8221;4&#8243; css=&#8221;.vc_custom_1484559993316{padding-top: 60px !important;padding-bottom: 60px !important;}&#8221;][vc_column width=&#8221;1\/3&#8243;][\/vc_column][vc_column width=&#8221;1\/3&#8243;][\/vc_column][vc_column width=&#8221;1\/3&#8243;][\/vc_column][\/vc_row][vc_row full_width=&#8221;stretch_row&#8221; parallax_speed=&#8221;4&#8243; parallax_x=&#8221;4&#8243; parallax_y=&#8221;4&#8243; css=&#8221;.vc_custom_1489131198205{padding-top: 100px !important;padding-bottom: 76px !important;background-color: #f7f7f7 !important;}&#8221;][vc_column][vc_row_inner][vc_column_inner][vc_empty_space height=&#8221;20px&#8221;][\/vc_column_inner][\/vc_row_inner][vc_row_inner][vc_column_inner width=&#8221;1\/3&#8243;][vc_empty_space height=&#8221;70px&#8221;][\/vc_column_inner][vc_column_inner width=&#8221;1\/3&#8243;][vc_empty_space height=&#8221;70px&#8221;][\/vc_column_inner][vc_column_inner width=&#8221;1\/3&#8243;][vc_empty_space height=&#8221;70px&#8221;][\/vc_column_inner][\/vc_row_inner][\/vc_column][\/vc_row][vc_row][vc_column][vc_empty_space][vc_separator][vc_empty_space][vc_column_text] KD Series K135 [\/vc_column_text][\/vc_column][\/vc_row][vc_row][vc_column width=&#8221;1\/3&#8243;][vc_single_image image=&#8221;2137&#8243; img_size=&#8221;full&#8221;][\/vc_column][vc_column width=&#8221;1\/3&#8243;][vc_single_image image=&#8221;2138&#8243; img_size=&#8221;full&#8221;][\/vc_column][vc_column width=&#8221;1\/3&#8243;][vc_single_image image=&#8221;2139&#8243; img_size=&#8221;full&#8221;][\/vc_column][\/vc_row][vc_row][vc_column][vc_column_text] KD Series [&hellip;]<\/p>\n","protected":false},"author":1,"featured_media":0,"parent":5,"menu_order":0,"comment_status":"closed","ping_status":"closed","template":"tpl\/front-page.php","meta":{"_exactmetrics_skip_tracking":false,"_exactmetrics_sitenote_active":false,"_exactmetrics_sitenote_note":"","_exactmetrics_sitenote_category":0},"_links":{"self":[{"href":"https:\/\/torcalpower.com\/web3\/wp-json\/wp\/v2\/pages\/1392"}],"collection":[{"href":"https:\/\/torcalpower.com\/web3\/wp-json\/wp\/v2\/pages"}],"about":[{"href":"https:\/\/torcalpower.com\/web3\/wp-json\/wp\/v2\/types\/page"}],"author":[{"embeddable":true,"href":"https:\/\/torcalpower.com\/web3\/wp-json\/wp\/v2\/users\/1"}],"replies":[{"embeddable":true,"href":"https:\/\/torcalpower.com\/web3\/wp-json\/wp\/v2\/comments?post=1392"}],"version-history":[{"count":53,"href":"https:\/\/torcalpower.com\/web3\/wp-json\/wp\/v2\/pages\/1392\/revisions"}],"predecessor-version":[{"id":2283,"href":"https:\/\/torcalpower.com\/web3\/wp-json\/wp\/v2\/pages\/1392\/revisions\/2283"}],"up":[{"embeddable":true,"href":"https:\/\/torcalpower.com\/web3\/wp-json\/wp\/v2\/pages\/5"}],"wp:attachment":[{"href":"https:\/\/torcalpower.com\/web3\/wp-json\/wp\/v2\/media?parent=1392"}],"curies":[{"name":"wp","href":"https:\/\/api.w.org\/{rel}","templated":true}]}}