{"id":1796,"date":"2018-04-09T12:45:15","date_gmt":"2018-04-09T12:45:15","guid":{"rendered":"http:\/\/torcalpower.com\/web3\/?page_id=1796"},"modified":"2018-04-20T19:38:32","modified_gmt":"2018-04-20T19:38:32","slug":"services","status":"publish","type":"page","link":"http:\/\/torcalpower.com\/web3\/services\/services\/","title":{"rendered":"Asesor\u00edas"},"content":{"rendered":"<p>[vc_row][vc_column width=&#8221;1\/2&#8243;][vc_single_image image=&#8221;1782&#8243; img_size=&#8221;full&#8221;][\/vc_column][vc_column width=&#8221;1\/2&#8243;][vc_column_text]En Torcal Power\u00a0les brindamos a nuestros clientes el asesoramiento profesional que necesita y toda la informaci\u00f3n relativa a los materiales el\u00e9ctricos, de medici\u00f3n, control o instrumentaci\u00f3n. Para ello contamos con un personal altamente capacitado en brindarle la mejor asesor\u00eda para sus necesidades, y de esta manera proteger\u00a0 su inversi\u00f3n.<\/p>\n<p>Todos los equipos con los que trabajamos pasan un riguroso y minucioso control de calidad y cumplen con los est\u00e1ndares internacionales que se exige actualmente, materiales innovadores.[\/vc_column_text][\/vc_column][\/vc_row][vc_row][vc_column][vc_empty_space][vc_single_image image=&#8221;2010&#8243; img_size=&#8221;full&#8221; title=&#8221;Torcal Power brinda respaldo directo de los departamentos de ingenier\u00eda de todas las f\u00e1bricas que representamos&#8221;][vc_empty_space][vc_single_image image=&#8221;2007&#8243; img_size=&#8221;full&#8221;][\/vc_column][\/vc_row][vc_row][vc_column][\/vc_column][\/vc_row]<\/p>\n","protected":false},"excerpt":{"rendered":"<p>[vc_row][vc_column width=&#8221;1\/2&#8243;][vc_single_image image=&#8221;1782&#8243; img_size=&#8221;full&#8221;][\/vc_column][vc_column width=&#8221;1\/2&#8243;][vc_column_text]En Torcal Power\u00a0les brindamos a nuestros clientes el asesoramiento profesional que necesita y toda la informaci\u00f3n relativa a los materiales el\u00e9ctricos, de medici\u00f3n, control o instrumentaci\u00f3n. Para ello contamos con un personal altamente capacitado en brindarle la mejor asesor\u00eda para sus necesidades, y de esta manera proteger\u00a0 [&hellip;]<\/p>\n","protected":false},"author":1,"featured_media":0,"parent":517,"menu_order":0,"comment_status":"closed","ping_status":"closed","template":"tpl\/page_fullwidth.php","meta":{"_exactmetrics_skip_tracking":false,"_exactmetrics_sitenote_active":false,"_exactmetrics_sitenote_note":"","_exactmetrics_sitenote_category":0},"_links":{"self":[{"href":"http:\/\/torcalpower.com\/web3\/wp-json\/wp\/v2\/pages\/1796"}],"collection":[{"href":"http:\/\/torcalpower.com\/web3\/wp-json\/wp\/v2\/pages"}],"about":[{"href":"http:\/\/torcalpower.com\/web3\/wp-json\/wp\/v2\/types\/page"}],"author":[{"embeddable":true,"href":"http:\/\/torcalpower.com\/web3\/wp-json\/wp\/v2\/users\/1"}],"replies":[{"embeddable":true,"href":"http:\/\/torcalpower.com\/web3\/wp-json\/wp\/v2\/comments?post=1796"}],"version-history":[{"count":12,"href":"http:\/\/torcalpower.com\/web3\/wp-json\/wp\/v2\/pages\/1796\/revisions"}],"predecessor-version":[{"id":2066,"href":"http:\/\/torcalpower.com\/web3\/wp-json\/wp\/v2\/pages\/1796\/revisions\/2066"}],"up":[{"embeddable":true,"href":"http:\/\/torcalpower.com\/web3\/wp-json\/wp\/v2\/pages\/517"}],"wp:attachment":[{"href":"http:\/\/torcalpower.com\/web3\/wp-json\/wp\/v2\/media?parent=1796"}],"curies":[{"name":"wp","href":"https:\/\/api.w.org\/{rel}","templated":true}]}}